{"id":1609,"date":"2022-03-11T17:43:33","date_gmt":"2022-03-11T16:43:33","guid":{"rendered":"http:\/\/mansledanse.com\/?page_id=1609"},"modified":"2026-04-12T18:09:46","modified_gmt":"2026-04-12T16:09:46","slug":"mario-glez","status":"publish","type":"page","link":"https:\/\/mansledanse.com\/index.php\/mario-glez\/","title":{"rendered":"Mario Glez"},"content":{"rendered":"\t\t<div data-elementor-type=\"wp-page\" data-elementor-id=\"1609\" class=\"elementor elementor-1609\" data-elementor-settings=\"[]\">\n\t\t\t\t\t\t<div class=\"elementor-inner\">\n\t\t\t\t\t\t\t<div class=\"elementor-section-wrap\">\n\t\t\t\t\t\t\t<section class=\"elementor-section elementor-top-section elementor-element elementor-element-6589a490 elementor-section-content-middle elementor-section-boxed elementor-section-height-default elementor-section-height-default\" data-id=\"6589a490\" data-element_type=\"section\">\n\t\t\t\t\t\t<div class=\"elementor-container elementor-column-gap-default\">\n\t\t\t\t\t\t\t<div class=\"elementor-row\">\n\t\t\t\t\t<div class=\"elementor-column elementor-col-50 elementor-top-column elementor-element elementor-element-16bfab89 animated-slow elementor-invisible\" data-id=\"16bfab89\" data-element_type=\"column\" data-settings=\"{&quot;animation&quot;:&quot;fadeIn&quot;}\">\n\t\t\t<div class=\"elementor-column-wrap elementor-element-populated\">\n\t\t\t\t\t\t\t<div class=\"elementor-widget-wrap\">\n\t\t\t\t\t\t<div class=\"elementor-element elementor-element-17be62c2 elementor-widget elementor-widget-heading\" data-id=\"17be62c2\" data-element_type=\"widget\" data-widget_type=\"heading.default\">\n\t\t\t\t<div class=\"elementor-widget-container\">\n\t\t\t<h2 class=\"elementor-heading-title elementor-size-large\">Mario<br>\nGlez<\/h2>\t\t<\/div>\n\t\t\t\t<\/div>\n\t\t\t\t<div class=\"elementor-element elementor-element-2b81e0e7 elementor-widget elementor-widget-heading\" data-id=\"2b81e0e7\" data-element_type=\"widget\" data-widget_type=\"heading.default\">\n\t\t\t\t<div class=\"elementor-widget-container\">\n\t\t\t<h2 class=\"elementor-heading-title elementor-size-default\">Contemporain<\/h2>\t\t<\/div>\n\t\t\t\t<\/div>\n\t\t\t\t<div class=\"elementor-element elementor-element-62a8e911 elementor-widget-divider--view-line elementor-widget elementor-widget-divider\" data-id=\"62a8e911\" data-element_type=\"widget\" data-widget_type=\"divider.default\">\n\t\t\t\t<div class=\"elementor-widget-container\">\n\t\t\t\t\t<div class=\"elementor-divider\">\n\t\t\t<span class=\"elementor-divider-separator\">\n\t\t\t\t\t\t<\/span>\n\t\t<\/div>\n\t\t\t\t<\/div>\n\t\t\t\t<\/div>\n\t\t\t\t<div class=\"elementor-element elementor-element-5d0295d2 elementor-widget elementor-widget-text-editor\" data-id=\"5d0295d2\" data-element_type=\"widget\" data-widget_type=\"text-editor.default\">\n\t\t\t\t<div class=\"elementor-widget-container\">\n\t\t\t\t\t\t\t\t<div class=\"elementor-text-editor elementor-clearfix\">\n\t\t\t\t\t<p>Mario est un danseur chor\u00e9graphe de Badajoz qui a commenc\u00e9 la danse \u00e0 S\u00e9ville par de l&rsquo;Urbain tout en s&rsquo;initiant aux autres styles de danse.<\/p><p>Il poursuit ses \u00e9tudes au Centro Andaluz De Danza, en danse contemporaine, ce qui lui a permis d\u2019apprendre \u00e0 identifier \u00e0 de nouvelles formes de mouvement.<br \/>Il continue son apprentissage en l&rsquo;Allemagne en France, le Royaume-Uni, la Su\u00e8de, l\u2019Italie, le Br\u00e9sil et le Luxembourg, avec des artistes dans diff\u00e9rents domaines, afin d&rsquo;approfondir sa propre gestuelle et personnalit\u00e9.<\/p><p>Mario est actuellement bas\u00e9 \u00e0 Madrid, o\u00f9 il concentre son int\u00e9r\u00eat pour l\u2019enseignement, en donnant des cours r\u00e9guliers et \u00e0 l&rsquo; international. En parall\u00e8le il continue la cr\u00e9ation avec Phase (solo), Club (pi\u00e8ce courte), Overthinking (Videodance), une performance avec Elias Aguirre Company (Espagne) et Hani Dance Company (Allemagne) ainsi que des \u00e9v\u00e9nements occasionnels pour des marques bien connues comme Oracle, Coca-cola ou L&rsquo;Or\u00e9al.<\/p><p>\u00a0<\/p>\t\t\t\t\t<\/div>\n\t\t\t\t\t\t<\/div>\n\t\t\t\t<\/div>\n\t\t\t\t\t\t<\/div>\n\t\t\t\t\t<\/div>\n\t\t<\/div>\n\t\t\t\t<div class=\"elementor-column elementor-col-50 elementor-top-column elementor-element elementor-element-4adb7d0d elementor-sm-100\" data-id=\"4adb7d0d\" data-element_type=\"column\">\n\t\t\t<div class=\"elementor-column-wrap elementor-element-populated\">\n\t\t\t\t\t\t\t<div class=\"elementor-widget-wrap\">\n\t\t\t\t\t\t<div class=\"elementor-element elementor-element-6d10a3db gallery-spacing-custom elementor-hidden-phone elementor-invisible elementor-widget elementor-widget-image-gallery\" data-id=\"6d10a3db\" data-element_type=\"widget\" data-settings=\"{&quot;_animation&quot;:&quot;fadeInRight&quot;}\" data-widget_type=\"image-gallery.default\">\n\t\t\t\t<div class=\"elementor-widget-container\">\n\t\t\t\t\t<div class=\"elementor-image-gallery\">\n\t\t\t<div id='gallery-1' class='gallery galleryid-1609 gallery-columns-1 gallery-size-medium_large'><figure class='gallery-item'>\n\t\t\t<div class='gallery-icon portrait'>\n\t\t\t\t<img loading=\"lazy\" decoding=\"async\" width=\"247\" height=\"316\" src=\"https:\/\/mansledanse.com\/wp-content\/uploads\/2024\/12\/Capture-decran-2024-12-20-120027.png\" class=\"attachment-medium_large size-medium_large\" alt=\"\" srcset=\"https:\/\/mansledanse.com\/wp-content\/uploads\/2024\/12\/Capture-decran-2024-12-20-120027.png 247w, https:\/\/mansledanse.com\/wp-content\/uploads\/2024\/12\/Capture-decran-2024-12-20-120027-234x300.png 234w\" sizes=\"auto, (max-width: 247px) 100vw, 247px\" \/>\n\t\t\t<\/div><\/figure>\n\t\t<\/div>\n\t\t<\/div>\n\t\t\t\t<\/div>\n\t\t\t\t<\/div>\n\t\t\t\t<div class=\"elementor-element elementor-element-22ae39c2 elementor-align-left elementor-mobile-align-center elementor-widget elementor-widget-button\" data-id=\"22ae39c2\" data-element_type=\"widget\" data-widget_type=\"button.default\">\n\t\t\t\t<div class=\"elementor-widget-container\">\n\t\t\t\t\t<div class=\"elementor-button-wrapper\">\n\t\t\t<a href=\"http:\/\/mansledanse.com\/index.php\/professeurs\/\" class=\"elementor-button-link elementor-button elementor-size-xs elementor-animation-pop\" role=\"button\">\n\t\t\t\t\t\t<span class=\"elementor-button-content-wrapper\">\n\t\t\t\t\t\t<span class=\"elementor-button-icon elementor-align-icon-right\">\n\t\t\t\t<i aria-hidden=\"true\" class=\"fas fa-long-arrow-alt-right\"><\/i>\t\t\t<\/span>\n\t\t\t\t\t\t<span class=\"elementor-button-text\">Autres professeurs<\/span>\n\t\t<\/span>\n\t\t\t\t\t<\/a>\n\t\t<\/div>\n\t\t\t\t<\/div>\n\t\t\t\t<\/div>\n\t\t\t\t\t\t<\/div>\n\t\t\t\t\t<\/div>\n\t\t<\/div>\n\t\t\t\t\t\t\t\t<\/div>\n\t\t\t\t\t<\/div>\n\t\t<\/section>\n\t\t\t\t<section class=\"elementor-section elementor-top-section elementor-element elementor-element-23b2801 elementor-section-boxed elementor-section-height-default elementor-section-height-default\" data-id=\"23b2801\" data-element_type=\"section\">\n\t\t\t\t\t\t<div class=\"elementor-container elementor-column-gap-default\">\n\t\t\t\t\t\t\t<div class=\"elementor-row\">\n\t\t\t\t\t<div class=\"elementor-column elementor-col-50 elementor-top-column elementor-element elementor-element-2c01dc4\" data-id=\"2c01dc4\" data-element_type=\"column\">\n\t\t\t<div class=\"elementor-column-wrap elementor-element-populated\">\n\t\t\t\t\t\t\t<div class=\"elementor-widget-wrap\">\n\t\t\t\t\t\t<div class=\"elementor-element elementor-element-2251a65 elementor-aspect-ratio-169 elementor-widget elementor-widget-video\" data-id=\"2251a65\" data-element_type=\"widget\" data-settings=\"{&quot;video_type&quot;:&quot;hosted&quot;,&quot;controls&quot;:&quot;yes&quot;,&quot;aspect_ratio&quot;:&quot;169&quot;}\" data-widget_type=\"video.default\">\n\t\t\t\t<div class=\"elementor-widget-container\">\n\t\t\t\t\t<div class=\"e-hosted-video elementor-wrapper elementor-fit-aspect-ratio elementor-open-inline\">\n\t\t\t\t\t<video class=\"elementor-video\" src=\"http:\/\/mansledanse.com\/wp-content\/uploads\/2022\/03\/SIRENS_MARIO-GLEZ_render-2_compressed.mp4\" controls=\"\" controlsList=\"nodownload\" poster=\"http:\/\/mansledanse.com\/wp-content\/uploads\/2022\/03\/Capture.png\"><\/video>\n\t\t\t\t<\/div>\n\t\t\t\t<\/div>\n\t\t\t\t<\/div>\n\t\t\t\t\t\t<\/div>\n\t\t\t\t\t<\/div>\n\t\t<\/div>\n\t\t\t\t<div class=\"elementor-column elementor-col-50 elementor-top-column elementor-element elementor-element-2e4afbf\" data-id=\"2e4afbf\" data-element_type=\"column\">\n\t\t\t<div class=\"elementor-column-wrap elementor-element-populated\">\n\t\t\t\t\t\t\t<div class=\"elementor-widget-wrap\">\n\t\t\t\t\t\t<div class=\"elementor-element elementor-element-eaac672 elementor-aspect-ratio-169 elementor-widget elementor-widget-video\" data-id=\"eaac672\" data-element_type=\"widget\" data-settings=\"{&quot;youtube_url&quot;:&quot;https:\\\/\\\/www.youtube.com\\\/watch?v=MjthERE7Ayk&quot;,&quot;video_type&quot;:&quot;youtube&quot;,&quot;controls&quot;:&quot;yes&quot;,&quot;aspect_ratio&quot;:&quot;169&quot;}\" data-widget_type=\"video.default\">\n\t\t\t\t<div class=\"elementor-widget-container\">\n\t\t\t\t\t<div class=\"elementor-wrapper elementor-fit-aspect-ratio elementor-open-inline\">\n\t\t\t<div class=\"elementor-video\"><\/div>\t\t<\/div>\n\t\t\t\t<\/div>\n\t\t\t\t<\/div>\n\t\t\t\t\t\t<\/div>\n\t\t\t\t\t<\/div>\n\t\t<\/div>\n\t\t\t\t\t\t\t\t<\/div>\n\t\t\t\t\t<\/div>\n\t\t<\/section>\n\t\t\t\t\t\t<\/div>\n\t\t\t\t\t\t<\/div>\n\t\t\t\t\t<\/div>\n\t\t","protected":false},"excerpt":{"rendered":"<p>Mario Glez Contemporain Mario est un danseur chor\u00e9graphe de Badajoz qui a commenc\u00e9 la danse \u00e0 S\u00e9ville par de l&rsquo;Urbain tout en s&rsquo;initiant aux autres styles de danse. Il poursuit ses \u00e9tudes au Centro Andaluz De Danza, en danse contemporaine, ce qui lui a permis d\u2019apprendre \u00e0 identifier \u00e0 de nouvelles formes de mouvement.Il continue [&hellip;]<\/p>\n","protected":false},"author":1,"featured_media":0,"parent":0,"menu_order":0,"comment_status":"closed","ping_status":"closed","template":"","meta":{"footnotes":""},"class_list":["post-1609","page","type-page","status-publish","hentry","entry"],"yoast_head":"<!-- This site is optimized with the Yoast SEO plugin v24.9 - https:\/\/yoast.com\/wordpress\/plugins\/seo\/ -->\n<title>Mario Glez - Mansle Danse Association - Stage &amp; Cours de danse<\/title>\n<meta name=\"robots\" content=\"index, follow, max-snippet:-1, max-image-preview:large, max-video-preview:-1\" \/>\n<link rel=\"canonical\" href=\"https:\/\/mansledanse.com\/index.php\/mario-glez\/\" \/>\n<meta property=\"og:locale\" content=\"fr_FR\" \/>\n<meta property=\"og:type\" content=\"article\" \/>\n<meta property=\"og:title\" content=\"Mario Glez - Mansle Danse Association - Stage &amp; Cours de danse\" \/>\n<meta property=\"og:description\" content=\"Mario Glez Contemporain Mario est un danseur chor\u00e9graphe de Badajoz qui a commenc\u00e9 la danse \u00e0 S\u00e9ville par de l&rsquo;Urbain tout en s&rsquo;initiant aux autres styles de danse. Il poursuit ses \u00e9tudes au Centro Andaluz De Danza, en danse contemporaine, ce qui lui a permis d\u2019apprendre \u00e0 identifier \u00e0 de nouvelles formes de mouvement.Il continue [&hellip;]\" \/>\n<meta property=\"og:url\" content=\"https:\/\/mansledanse.com\/index.php\/mario-glez\/\" \/>\n<meta property=\"og:site_name\" content=\"Mansle Danse Association - Stage &amp; Cours de danse\" \/>\n<meta property=\"article:publisher\" content=\"https:\/\/www.facebook.com\/MansleDanseAssociation?locale=fr_FR\" \/>\n<meta property=\"article:modified_time\" content=\"2026-04-12T16:09:46+00:00\" \/>\n<meta property=\"og:image\" content=\"https:\/\/mansledanse.com\/wp-content\/uploads\/2024\/12\/Capture-decran-2024-12-20-120027.png\" \/>\n<meta name=\"twitter:card\" content=\"summary_large_image\" \/>\n<meta name=\"twitter:label1\" content=\"Dur\u00e9e de lecture estim\u00e9e\" \/>\n\t<meta name=\"twitter:data1\" content=\"1 minute\" \/>\n<script type=\"application\/ld+json\" class=\"yoast-schema-graph\">{\"@context\":\"https:\/\/schema.org\",\"@graph\":[{\"@type\":\"WebPage\",\"@id\":\"https:\/\/mansledanse.com\/index.php\/mario-glez\/\",\"url\":\"https:\/\/mansledanse.com\/index.php\/mario-glez\/\",\"name\":\"Mario Glez - Mansle Danse Association - Stage &amp; Cours de danse\",\"isPartOf\":{\"@id\":\"https:\/\/mansledanse.com\/#website\"},\"primaryImageOfPage\":{\"@id\":\"https:\/\/mansledanse.com\/index.php\/mario-glez\/#primaryimage\"},\"image\":{\"@id\":\"https:\/\/mansledanse.com\/index.php\/mario-glez\/#primaryimage\"},\"thumbnailUrl\":\"https:\/\/mansledanse.com\/wp-content\/uploads\/2024\/12\/Capture-decran-2024-12-20-120027.png\",\"datePublished\":\"2022-03-11T16:43:33+00:00\",\"dateModified\":\"2026-04-12T16:09:46+00:00\",\"breadcrumb\":{\"@id\":\"https:\/\/mansledanse.com\/index.php\/mario-glez\/#breadcrumb\"},\"inLanguage\":\"fr-FR\",\"potentialAction\":[{\"@type\":\"ReadAction\",\"target\":[\"https:\/\/mansledanse.com\/index.php\/mario-glez\/\"]}]},{\"@type\":\"ImageObject\",\"inLanguage\":\"fr-FR\",\"@id\":\"https:\/\/mansledanse.com\/index.php\/mario-glez\/#primaryimage\",\"url\":\"https:\/\/mansledanse.com\/wp-content\/uploads\/2024\/12\/Capture-decran-2024-12-20-120027.png\",\"contentUrl\":\"https:\/\/mansledanse.com\/wp-content\/uploads\/2024\/12\/Capture-decran-2024-12-20-120027.png\",\"width\":247,\"height\":316},{\"@type\":\"BreadcrumbList\",\"@id\":\"https:\/\/mansledanse.com\/index.php\/mario-glez\/#breadcrumb\",\"itemListElement\":[{\"@type\":\"ListItem\",\"position\":1,\"name\":\"Accueil\",\"item\":\"https:\/\/mansledanse.com\/\"},{\"@type\":\"ListItem\",\"position\":2,\"name\":\"Mario Glez\"}]},{\"@type\":\"WebSite\",\"@id\":\"https:\/\/mansledanse.com\/#website\",\"url\":\"https:\/\/mansledanse.com\/\",\"name\":\"Mansle Danse Association - Stage & Cours de danse\",\"description\":\"\",\"publisher\":{\"@id\":\"https:\/\/mansledanse.com\/#organization\"},\"potentialAction\":[{\"@type\":\"SearchAction\",\"target\":{\"@type\":\"EntryPoint\",\"urlTemplate\":\"https:\/\/mansledanse.com\/?s={search_term_string}\"},\"query-input\":{\"@type\":\"PropertyValueSpecification\",\"valueRequired\":true,\"valueName\":\"search_term_string\"}}],\"inLanguage\":\"fr-FR\"},{\"@type\":\"Organization\",\"@id\":\"https:\/\/mansledanse.com\/#organization\",\"name\":\"Mansle Danse Association - Stage & Cours\",\"url\":\"https:\/\/mansledanse.com\/\",\"logo\":{\"@type\":\"ImageObject\",\"inLanguage\":\"fr-FR\",\"@id\":\"https:\/\/mansledanse.com\/#\/schema\/logo\/image\/\",\"url\":\"https:\/\/mansledanse.com\/wp-content\/uploads\/2020\/08\/cropped-MDAlogo.png\",\"contentUrl\":\"https:\/\/mansledanse.com\/wp-content\/uploads\/2020\/08\/cropped-MDAlogo.png\",\"width\":367,\"height\":100,\"caption\":\"Mansle Danse Association - Stage & Cours\"},\"image\":{\"@id\":\"https:\/\/mansledanse.com\/#\/schema\/logo\/image\/\"},\"sameAs\":[\"https:\/\/www.facebook.com\/MansleDanseAssociation?locale=fr_FR\",\"https:\/\/www.instagram.com\/stagededansedemansle\/\"]}]}<\/script>\n<!-- \/ Yoast SEO plugin. -->","yoast_head_json":{"title":"Mario Glez - Mansle Danse Association - Stage &amp; Cours de danse","robots":{"index":"index","follow":"follow","max-snippet":"max-snippet:-1","max-image-preview":"max-image-preview:large","max-video-preview":"max-video-preview:-1"},"canonical":"https:\/\/mansledanse.com\/index.php\/mario-glez\/","og_locale":"fr_FR","og_type":"article","og_title":"Mario Glez - Mansle Danse Association - Stage &amp; Cours de danse","og_description":"Mario Glez Contemporain Mario est un danseur chor\u00e9graphe de Badajoz qui a commenc\u00e9 la danse \u00e0 S\u00e9ville par de l&rsquo;Urbain tout en s&rsquo;initiant aux autres styles de danse. Il poursuit ses \u00e9tudes au Centro Andaluz De Danza, en danse contemporaine, ce qui lui a permis d\u2019apprendre \u00e0 identifier \u00e0 de nouvelles formes de mouvement.Il continue [&hellip;]","og_url":"https:\/\/mansledanse.com\/index.php\/mario-glez\/","og_site_name":"Mansle Danse Association - Stage &amp; Cours de danse","article_publisher":"https:\/\/www.facebook.com\/MansleDanseAssociation?locale=fr_FR","article_modified_time":"2026-04-12T16:09:46+00:00","og_image":[{"url":"https:\/\/mansledanse.com\/wp-content\/uploads\/2024\/12\/Capture-decran-2024-12-20-120027.png","type":"","width":"","height":""}],"twitter_card":"summary_large_image","twitter_misc":{"Dur\u00e9e de lecture estim\u00e9e":"1 minute"},"schema":{"@context":"https:\/\/schema.org","@graph":[{"@type":"WebPage","@id":"https:\/\/mansledanse.com\/index.php\/mario-glez\/","url":"https:\/\/mansledanse.com\/index.php\/mario-glez\/","name":"Mario Glez - Mansle Danse Association - Stage &amp; Cours de danse","isPartOf":{"@id":"https:\/\/mansledanse.com\/#website"},"primaryImageOfPage":{"@id":"https:\/\/mansledanse.com\/index.php\/mario-glez\/#primaryimage"},"image":{"@id":"https:\/\/mansledanse.com\/index.php\/mario-glez\/#primaryimage"},"thumbnailUrl":"https:\/\/mansledanse.com\/wp-content\/uploads\/2024\/12\/Capture-decran-2024-12-20-120027.png","datePublished":"2022-03-11T16:43:33+00:00","dateModified":"2026-04-12T16:09:46+00:00","breadcrumb":{"@id":"https:\/\/mansledanse.com\/index.php\/mario-glez\/#breadcrumb"},"inLanguage":"fr-FR","potentialAction":[{"@type":"ReadAction","target":["https:\/\/mansledanse.com\/index.php\/mario-glez\/"]}]},{"@type":"ImageObject","inLanguage":"fr-FR","@id":"https:\/\/mansledanse.com\/index.php\/mario-glez\/#primaryimage","url":"https:\/\/mansledanse.com\/wp-content\/uploads\/2024\/12\/Capture-decran-2024-12-20-120027.png","contentUrl":"https:\/\/mansledanse.com\/wp-content\/uploads\/2024\/12\/Capture-decran-2024-12-20-120027.png","width":247,"height":316},{"@type":"BreadcrumbList","@id":"https:\/\/mansledanse.com\/index.php\/mario-glez\/#breadcrumb","itemListElement":[{"@type":"ListItem","position":1,"name":"Accueil","item":"https:\/\/mansledanse.com\/"},{"@type":"ListItem","position":2,"name":"Mario Glez"}]},{"@type":"WebSite","@id":"https:\/\/mansledanse.com\/#website","url":"https:\/\/mansledanse.com\/","name":"Mansle Danse Association - Stage & Cours de danse","description":"","publisher":{"@id":"https:\/\/mansledanse.com\/#organization"},"potentialAction":[{"@type":"SearchAction","target":{"@type":"EntryPoint","urlTemplate":"https:\/\/mansledanse.com\/?s={search_term_string}"},"query-input":{"@type":"PropertyValueSpecification","valueRequired":true,"valueName":"search_term_string"}}],"inLanguage":"fr-FR"},{"@type":"Organization","@id":"https:\/\/mansledanse.com\/#organization","name":"Mansle Danse Association - Stage & Cours","url":"https:\/\/mansledanse.com\/","logo":{"@type":"ImageObject","inLanguage":"fr-FR","@id":"https:\/\/mansledanse.com\/#\/schema\/logo\/image\/","url":"https:\/\/mansledanse.com\/wp-content\/uploads\/2020\/08\/cropped-MDAlogo.png","contentUrl":"https:\/\/mansledanse.com\/wp-content\/uploads\/2020\/08\/cropped-MDAlogo.png","width":367,"height":100,"caption":"Mansle Danse Association - Stage & Cours"},"image":{"@id":"https:\/\/mansledanse.com\/#\/schema\/logo\/image\/"},"sameAs":["https:\/\/www.facebook.com\/MansleDanseAssociation?locale=fr_FR","https:\/\/www.instagram.com\/stagededansedemansle\/"]}]}},"_links":{"self":[{"href":"https:\/\/mansledanse.com\/index.php\/wp-json\/wp\/v2\/pages\/1609","targetHints":{"allow":["GET"]}}],"collection":[{"href":"https:\/\/mansledanse.com\/index.php\/wp-json\/wp\/v2\/pages"}],"about":[{"href":"https:\/\/mansledanse.com\/index.php\/wp-json\/wp\/v2\/types\/page"}],"author":[{"embeddable":true,"href":"https:\/\/mansledanse.com\/index.php\/wp-json\/wp\/v2\/users\/1"}],"replies":[{"embeddable":true,"href":"https:\/\/mansledanse.com\/index.php\/wp-json\/wp\/v2\/comments?post=1609"}],"version-history":[{"count":35,"href":"https:\/\/mansledanse.com\/index.php\/wp-json\/wp\/v2\/pages\/1609\/revisions"}],"predecessor-version":[{"id":3914,"href":"https:\/\/mansledanse.com\/index.php\/wp-json\/wp\/v2\/pages\/1609\/revisions\/3914"}],"wp:attachment":[{"href":"https:\/\/mansledanse.com\/index.php\/wp-json\/wp\/v2\/media?parent=1609"}],"curies":[{"name":"wp","href":"https:\/\/api.w.org\/{rel}","templated":true}]}}