{"id":2203,"date":"2023-03-19T12:51:48","date_gmt":"2023-03-19T11:51:48","guid":{"rendered":"http:\/\/mansledanse.com\/?page_id=2203"},"modified":"2026-04-12T18:08:45","modified_gmt":"2026-04-12T16:08:45","slug":"andreas-lauck","status":"publish","type":"page","link":"https:\/\/mansledanse.com\/index.php\/andreas-lauck\/","title":{"rendered":"Andreas Lauck"},"content":{"rendered":"\t\t<div data-elementor-type=\"wp-page\" data-elementor-id=\"2203\" class=\"elementor elementor-2203\" data-elementor-settings=\"[]\">\n\t\t\t\t\t\t<div class=\"elementor-inner\">\n\t\t\t\t\t\t\t<div class=\"elementor-section-wrap\">\n\t\t\t\t\t\t\t<section class=\"elementor-section elementor-top-section elementor-element elementor-element-22080ebb elementor-section-content-middle elementor-section-boxed elementor-section-height-default elementor-section-height-default\" data-id=\"22080ebb\" data-element_type=\"section\">\n\t\t\t\t\t\t<div class=\"elementor-container elementor-column-gap-default\">\n\t\t\t\t\t\t\t<div class=\"elementor-row\">\n\t\t\t\t\t<div class=\"elementor-column elementor-col-50 elementor-top-column elementor-element elementor-element-471b1104 animated-slow elementor-invisible\" data-id=\"471b1104\" data-element_type=\"column\" data-settings=\"{&quot;animation&quot;:&quot;fadeIn&quot;}\">\n\t\t\t<div class=\"elementor-column-wrap elementor-element-populated\">\n\t\t\t\t\t\t\t<div class=\"elementor-widget-wrap\">\n\t\t\t\t\t\t<div class=\"elementor-element elementor-element-7b3fe4f9 elementor-widget elementor-widget-heading\" data-id=\"7b3fe4f9\" data-element_type=\"widget\" data-widget_type=\"heading.default\">\n\t\t\t\t<div class=\"elementor-widget-container\">\n\t\t\t<h2 class=\"elementor-heading-title elementor-size-large\">Andreas Lauck<\/h2>\t\t<\/div>\n\t\t\t\t<\/div>\n\t\t\t\t<div class=\"elementor-element elementor-element-7f3802cc elementor-widget elementor-widget-heading\" data-id=\"7f3802cc\" data-element_type=\"widget\" data-widget_type=\"heading.default\">\n\t\t\t\t<div class=\"elementor-widget-container\">\n\t\t\t<h2 class=\"elementor-heading-title elementor-size-default\">Moderne<\/h2>\t\t<\/div>\n\t\t\t\t<\/div>\n\t\t\t\t<div class=\"elementor-element elementor-element-39953292 elementor-widget-divider--view-line elementor-widget elementor-widget-divider\" data-id=\"39953292\" data-element_type=\"widget\" data-widget_type=\"divider.default\">\n\t\t\t\t<div class=\"elementor-widget-container\">\n\t\t\t\t\t<div class=\"elementor-divider\">\n\t\t\t<span class=\"elementor-divider-separator\">\n\t\t\t\t\t\t<\/span>\n\t\t<\/div>\n\t\t\t\t<\/div>\n\t\t\t\t<\/div>\n\t\t\t\t<div class=\"elementor-element elementor-element-158429bf elementor-widget elementor-widget-text-editor\" data-id=\"158429bf\" data-element_type=\"widget\" data-widget_type=\"text-editor.default\">\n\t\t\t\t<div class=\"elementor-widget-container\">\n\t\t\t\t\t\t\t\t<div class=\"elementor-text-editor elementor-clearfix\">\n\t\t\t\t\t<p><strong>Allemagne<\/strong><\/p><p>Andreas a \u00e9t\u00e9 danseur dans les compagnies de Ramon Oller, Rui Horta, Roberta Galvan et Matthew Hawkins etc..\u00a0 Chor\u00e9graphe pour des compagnies professionnelles en Allemagne, Espagne, Hollande etc.. Professeur invit\u00e9 dans de nombreux stages en Europe dont la r\u00e9putation p\u00e9dagogique est bien connue des danseurs<\/p>\t\t\t\t\t<\/div>\n\t\t\t\t\t\t<\/div>\n\t\t\t\t<\/div>\n\t\t\t\t\t\t<\/div>\n\t\t\t\t\t<\/div>\n\t\t<\/div>\n\t\t\t\t<div class=\"elementor-column elementor-col-50 elementor-top-column elementor-element elementor-element-2f2e6c5 elementor-sm-100\" data-id=\"2f2e6c5\" data-element_type=\"column\">\n\t\t\t<div class=\"elementor-column-wrap elementor-element-populated\">\n\t\t\t\t\t\t\t<div class=\"elementor-widget-wrap\">\n\t\t\t\t\t\t<div class=\"elementor-element elementor-element-14cec442 gallery-spacing-custom elementor-hidden-phone elementor-invisible elementor-widget elementor-widget-image-gallery\" data-id=\"14cec442\" data-element_type=\"widget\" data-settings=\"{&quot;_animation&quot;:&quot;fadeInRight&quot;}\" data-widget_type=\"image-gallery.default\">\n\t\t\t\t<div class=\"elementor-widget-container\">\n\t\t\t\t\t<div class=\"elementor-image-gallery\">\n\t\t\t<div id='gallery-1' class='gallery galleryid-2203 gallery-columns-1 gallery-size-medium_large'><figure class='gallery-item'>\n\t\t\t<div class='gallery-icon portrait'>\n\t\t\t\t<img loading=\"lazy\" decoding=\"async\" width=\"476\" height=\"645\" src=\"https:\/\/mansledanse.com\/wp-content\/uploads\/2024\/04\/Screenshot_20240408-213110_Google-1.jpg\" class=\"attachment-medium_large size-medium_large\" alt=\"\" srcset=\"https:\/\/mansledanse.com\/wp-content\/uploads\/2024\/04\/Screenshot_20240408-213110_Google-1.jpg 476w, https:\/\/mansledanse.com\/wp-content\/uploads\/2024\/04\/Screenshot_20240408-213110_Google-1-221x300.jpg 221w\" sizes=\"auto, (max-width: 476px) 100vw, 476px\" \/>\n\t\t\t<\/div><\/figure>\n\t\t<\/div>\n\t\t<\/div>\n\t\t\t\t<\/div>\n\t\t\t\t<\/div>\n\t\t\t\t<div class=\"elementor-element elementor-element-1a4029f2 elementor-align-left elementor-mobile-align-center elementor-widget elementor-widget-button\" data-id=\"1a4029f2\" data-element_type=\"widget\" data-widget_type=\"button.default\">\n\t\t\t\t<div class=\"elementor-widget-container\">\n\t\t\t\t\t<div class=\"elementor-button-wrapper\">\n\t\t\t<a href=\"http:\/\/mansledanse.com\/index.php\/professeurs\/\" class=\"elementor-button-link elementor-button elementor-size-xs elementor-animation-pop\" role=\"button\">\n\t\t\t\t\t\t<span class=\"elementor-button-content-wrapper\">\n\t\t\t\t\t\t<span class=\"elementor-button-icon elementor-align-icon-right\">\n\t\t\t\t<i aria-hidden=\"true\" class=\"fas fa-long-arrow-alt-right\"><\/i>\t\t\t<\/span>\n\t\t\t\t\t\t<span class=\"elementor-button-text\">Autres professeurs<\/span>\n\t\t<\/span>\n\t\t\t\t\t<\/a>\n\t\t<\/div>\n\t\t\t\t<\/div>\n\t\t\t\t<\/div>\n\t\t\t\t\t\t<\/div>\n\t\t\t\t\t<\/div>\n\t\t<\/div>\n\t\t\t\t\t\t\t\t<\/div>\n\t\t\t\t\t<\/div>\n\t\t<\/section>\n\t\t\t\t<section class=\"elementor-section elementor-top-section elementor-element elementor-element-70a2fc39 elementor-section-boxed elementor-section-height-default elementor-section-height-default\" data-id=\"70a2fc39\" data-element_type=\"section\">\n\t\t\t\t\t\t<div class=\"elementor-container elementor-column-gap-default\">\n\t\t\t\t\t\t\t<div class=\"elementor-row\">\n\t\t\t\t\t<div class=\"elementor-column elementor-col-33 elementor-top-column elementor-element elementor-element-3f4d94a0\" data-id=\"3f4d94a0\" data-element_type=\"column\">\n\t\t\t<div class=\"elementor-column-wrap\">\n\t\t\t\t\t\t\t<div class=\"elementor-widget-wrap\">\n\t\t\t\t\t\t\t\t<\/div>\n\t\t\t\t\t<\/div>\n\t\t<\/div>\n\t\t\t\t<div class=\"elementor-column elementor-col-33 elementor-top-column elementor-element elementor-element-76c44301\" data-id=\"76c44301\" data-element_type=\"column\">\n\t\t\t<div class=\"elementor-column-wrap elementor-element-populated\">\n\t\t\t\t\t\t\t<div class=\"elementor-widget-wrap\">\n\t\t\t\t\t\t<div class=\"elementor-element elementor-element-7271ef13 elementor-aspect-ratio-169 elementor-widget elementor-widget-video\" data-id=\"7271ef13\" data-element_type=\"widget\" data-settings=\"{&quot;youtube_url&quot;:&quot;https:\\\/\\\/youtube.com\\\/watch?v=6-1tyz43IR0&quot;,&quot;video_type&quot;:&quot;youtube&quot;,&quot;controls&quot;:&quot;yes&quot;,&quot;aspect_ratio&quot;:&quot;169&quot;}\" data-widget_type=\"video.default\">\n\t\t\t\t<div class=\"elementor-widget-container\">\n\t\t\t\t\t<div class=\"elementor-wrapper elementor-fit-aspect-ratio elementor-open-inline\">\n\t\t\t<div class=\"elementor-video\"><\/div>\t\t<\/div>\n\t\t\t\t<\/div>\n\t\t\t\t<\/div>\n\t\t\t\t\t\t<\/div>\n\t\t\t\t\t<\/div>\n\t\t<\/div>\n\t\t\t\t<div class=\"elementor-column elementor-col-33 elementor-top-column elementor-element elementor-element-6acaf0d2\" data-id=\"6acaf0d2\" data-element_type=\"column\">\n\t\t\t<div class=\"elementor-column-wrap\">\n\t\t\t\t\t\t\t<div class=\"elementor-widget-wrap\">\n\t\t\t\t\t\t\t\t<\/div>\n\t\t\t\t\t<\/div>\n\t\t<\/div>\n\t\t\t\t\t\t\t\t<\/div>\n\t\t\t\t\t<\/div>\n\t\t<\/section>\n\t\t\t\t\t\t<\/div>\n\t\t\t\t\t\t<\/div>\n\t\t\t\t\t<\/div>\n\t\t","protected":false},"excerpt":{"rendered":"<p>Andreas Lauck Moderne Allemagne Andreas a \u00e9t\u00e9 danseur dans les compagnies de Ramon Oller, Rui Horta, Roberta Galvan et Matthew Hawkins etc..\u00a0 Chor\u00e9graphe pour des compagnies professionnelles en Allemagne, Espagne, Hollande etc.. Professeur invit\u00e9 dans de nombreux stages en Europe dont la r\u00e9putation p\u00e9dagogique est bien connue des danseurs Autres professeurs<\/p>\n","protected":false},"author":1,"featured_media":0,"parent":0,"menu_order":0,"comment_status":"closed","ping_status":"closed","template":"","meta":{"footnotes":""},"class_list":["post-2203","page","type-page","status-publish","hentry","entry"],"yoast_head":"<!-- This site is optimized with the Yoast SEO plugin v24.9 - https:\/\/yoast.com\/wordpress\/plugins\/seo\/ -->\n<title>Andreas Lauck - Mansle Danse Association - Stage &amp; Cours de danse<\/title>\n<meta name=\"robots\" content=\"index, follow, max-snippet:-1, max-image-preview:large, max-video-preview:-1\" \/>\n<link rel=\"canonical\" href=\"https:\/\/mansledanse.com\/index.php\/andreas-lauck\/\" \/>\n<meta property=\"og:locale\" content=\"fr_FR\" \/>\n<meta property=\"og:type\" content=\"article\" \/>\n<meta property=\"og:title\" content=\"Andreas Lauck - Mansle Danse Association - Stage &amp; Cours de danse\" \/>\n<meta property=\"og:description\" content=\"Andreas Lauck Moderne Allemagne Andreas a \u00e9t\u00e9 danseur dans les compagnies de Ramon Oller, Rui Horta, Roberta Galvan et Matthew Hawkins etc..\u00a0 Chor\u00e9graphe pour des compagnies professionnelles en Allemagne, Espagne, Hollande etc.. Professeur invit\u00e9 dans de nombreux stages en Europe dont la r\u00e9putation p\u00e9dagogique est bien connue des danseurs Autres professeurs\" \/>\n<meta property=\"og:url\" content=\"https:\/\/mansledanse.com\/index.php\/andreas-lauck\/\" \/>\n<meta property=\"og:site_name\" content=\"Mansle Danse Association - Stage &amp; Cours de danse\" \/>\n<meta property=\"article:publisher\" content=\"https:\/\/www.facebook.com\/MansleDanseAssociation?locale=fr_FR\" \/>\n<meta property=\"article:modified_time\" content=\"2026-04-12T16:08:45+00:00\" \/>\n<meta property=\"og:image\" content=\"https:\/\/mansledanse.com\/wp-content\/uploads\/2024\/04\/Screenshot_20240408-213110_Google-1.jpg\" \/>\n<meta name=\"twitter:card\" content=\"summary_large_image\" \/>\n<meta name=\"twitter:label1\" content=\"Dur\u00e9e de lecture estim\u00e9e\" \/>\n\t<meta name=\"twitter:data1\" content=\"1 minute\" \/>\n<script type=\"application\/ld+json\" class=\"yoast-schema-graph\">{\"@context\":\"https:\/\/schema.org\",\"@graph\":[{\"@type\":\"WebPage\",\"@id\":\"https:\/\/mansledanse.com\/index.php\/andreas-lauck\/\",\"url\":\"https:\/\/mansledanse.com\/index.php\/andreas-lauck\/\",\"name\":\"Andreas Lauck - Mansle Danse Association - Stage &amp; Cours de danse\",\"isPartOf\":{\"@id\":\"https:\/\/mansledanse.com\/#website\"},\"primaryImageOfPage\":{\"@id\":\"https:\/\/mansledanse.com\/index.php\/andreas-lauck\/#primaryimage\"},\"image\":{\"@id\":\"https:\/\/mansledanse.com\/index.php\/andreas-lauck\/#primaryimage\"},\"thumbnailUrl\":\"https:\/\/mansledanse.com\/wp-content\/uploads\/2024\/04\/Screenshot_20240408-213110_Google-1.jpg\",\"datePublished\":\"2023-03-19T11:51:48+00:00\",\"dateModified\":\"2026-04-12T16:08:45+00:00\",\"breadcrumb\":{\"@id\":\"https:\/\/mansledanse.com\/index.php\/andreas-lauck\/#breadcrumb\"},\"inLanguage\":\"fr-FR\",\"potentialAction\":[{\"@type\":\"ReadAction\",\"target\":[\"https:\/\/mansledanse.com\/index.php\/andreas-lauck\/\"]}]},{\"@type\":\"ImageObject\",\"inLanguage\":\"fr-FR\",\"@id\":\"https:\/\/mansledanse.com\/index.php\/andreas-lauck\/#primaryimage\",\"url\":\"https:\/\/mansledanse.com\/wp-content\/uploads\/2024\/04\/Screenshot_20240408-213110_Google-1.jpg\",\"contentUrl\":\"https:\/\/mansledanse.com\/wp-content\/uploads\/2024\/04\/Screenshot_20240408-213110_Google-1.jpg\",\"width\":476,\"height\":645},{\"@type\":\"BreadcrumbList\",\"@id\":\"https:\/\/mansledanse.com\/index.php\/andreas-lauck\/#breadcrumb\",\"itemListElement\":[{\"@type\":\"ListItem\",\"position\":1,\"name\":\"Accueil\",\"item\":\"https:\/\/mansledanse.com\/\"},{\"@type\":\"ListItem\",\"position\":2,\"name\":\"Andreas Lauck\"}]},{\"@type\":\"WebSite\",\"@id\":\"https:\/\/mansledanse.com\/#website\",\"url\":\"https:\/\/mansledanse.com\/\",\"name\":\"Mansle Danse Association - Stage & Cours de danse\",\"description\":\"\",\"publisher\":{\"@id\":\"https:\/\/mansledanse.com\/#organization\"},\"potentialAction\":[{\"@type\":\"SearchAction\",\"target\":{\"@type\":\"EntryPoint\",\"urlTemplate\":\"https:\/\/mansledanse.com\/?s={search_term_string}\"},\"query-input\":{\"@type\":\"PropertyValueSpecification\",\"valueRequired\":true,\"valueName\":\"search_term_string\"}}],\"inLanguage\":\"fr-FR\"},{\"@type\":\"Organization\",\"@id\":\"https:\/\/mansledanse.com\/#organization\",\"name\":\"Mansle Danse Association - Stage & Cours\",\"url\":\"https:\/\/mansledanse.com\/\",\"logo\":{\"@type\":\"ImageObject\",\"inLanguage\":\"fr-FR\",\"@id\":\"https:\/\/mansledanse.com\/#\/schema\/logo\/image\/\",\"url\":\"https:\/\/mansledanse.com\/wp-content\/uploads\/2020\/08\/cropped-MDAlogo.png\",\"contentUrl\":\"https:\/\/mansledanse.com\/wp-content\/uploads\/2020\/08\/cropped-MDAlogo.png\",\"width\":367,\"height\":100,\"caption\":\"Mansle Danse Association - Stage & Cours\"},\"image\":{\"@id\":\"https:\/\/mansledanse.com\/#\/schema\/logo\/image\/\"},\"sameAs\":[\"https:\/\/www.facebook.com\/MansleDanseAssociation?locale=fr_FR\",\"https:\/\/www.instagram.com\/stagededansedemansle\/\"]}]}<\/script>\n<!-- \/ Yoast SEO plugin. -->","yoast_head_json":{"title":"Andreas Lauck - Mansle Danse Association - Stage &amp; Cours de danse","robots":{"index":"index","follow":"follow","max-snippet":"max-snippet:-1","max-image-preview":"max-image-preview:large","max-video-preview":"max-video-preview:-1"},"canonical":"https:\/\/mansledanse.com\/index.php\/andreas-lauck\/","og_locale":"fr_FR","og_type":"article","og_title":"Andreas Lauck - Mansle Danse Association - Stage &amp; Cours de danse","og_description":"Andreas Lauck Moderne Allemagne Andreas a \u00e9t\u00e9 danseur dans les compagnies de Ramon Oller, Rui Horta, Roberta Galvan et Matthew Hawkins etc..\u00a0 Chor\u00e9graphe pour des compagnies professionnelles en Allemagne, Espagne, Hollande etc.. Professeur invit\u00e9 dans de nombreux stages en Europe dont la r\u00e9putation p\u00e9dagogique est bien connue des danseurs Autres professeurs","og_url":"https:\/\/mansledanse.com\/index.php\/andreas-lauck\/","og_site_name":"Mansle Danse Association - Stage &amp; Cours de danse","article_publisher":"https:\/\/www.facebook.com\/MansleDanseAssociation?locale=fr_FR","article_modified_time":"2026-04-12T16:08:45+00:00","og_image":[{"url":"https:\/\/mansledanse.com\/wp-content\/uploads\/2024\/04\/Screenshot_20240408-213110_Google-1.jpg","type":"","width":"","height":""}],"twitter_card":"summary_large_image","twitter_misc":{"Dur\u00e9e de lecture estim\u00e9e":"1 minute"},"schema":{"@context":"https:\/\/schema.org","@graph":[{"@type":"WebPage","@id":"https:\/\/mansledanse.com\/index.php\/andreas-lauck\/","url":"https:\/\/mansledanse.com\/index.php\/andreas-lauck\/","name":"Andreas Lauck - Mansle Danse Association - Stage &amp; Cours de danse","isPartOf":{"@id":"https:\/\/mansledanse.com\/#website"},"primaryImageOfPage":{"@id":"https:\/\/mansledanse.com\/index.php\/andreas-lauck\/#primaryimage"},"image":{"@id":"https:\/\/mansledanse.com\/index.php\/andreas-lauck\/#primaryimage"},"thumbnailUrl":"https:\/\/mansledanse.com\/wp-content\/uploads\/2024\/04\/Screenshot_20240408-213110_Google-1.jpg","datePublished":"2023-03-19T11:51:48+00:00","dateModified":"2026-04-12T16:08:45+00:00","breadcrumb":{"@id":"https:\/\/mansledanse.com\/index.php\/andreas-lauck\/#breadcrumb"},"inLanguage":"fr-FR","potentialAction":[{"@type":"ReadAction","target":["https:\/\/mansledanse.com\/index.php\/andreas-lauck\/"]}]},{"@type":"ImageObject","inLanguage":"fr-FR","@id":"https:\/\/mansledanse.com\/index.php\/andreas-lauck\/#primaryimage","url":"https:\/\/mansledanse.com\/wp-content\/uploads\/2024\/04\/Screenshot_20240408-213110_Google-1.jpg","contentUrl":"https:\/\/mansledanse.com\/wp-content\/uploads\/2024\/04\/Screenshot_20240408-213110_Google-1.jpg","width":476,"height":645},{"@type":"BreadcrumbList","@id":"https:\/\/mansledanse.com\/index.php\/andreas-lauck\/#breadcrumb","itemListElement":[{"@type":"ListItem","position":1,"name":"Accueil","item":"https:\/\/mansledanse.com\/"},{"@type":"ListItem","position":2,"name":"Andreas Lauck"}]},{"@type":"WebSite","@id":"https:\/\/mansledanse.com\/#website","url":"https:\/\/mansledanse.com\/","name":"Mansle Danse Association - Stage & Cours de danse","description":"","publisher":{"@id":"https:\/\/mansledanse.com\/#organization"},"potentialAction":[{"@type":"SearchAction","target":{"@type":"EntryPoint","urlTemplate":"https:\/\/mansledanse.com\/?s={search_term_string}"},"query-input":{"@type":"PropertyValueSpecification","valueRequired":true,"valueName":"search_term_string"}}],"inLanguage":"fr-FR"},{"@type":"Organization","@id":"https:\/\/mansledanse.com\/#organization","name":"Mansle Danse Association - Stage & Cours","url":"https:\/\/mansledanse.com\/","logo":{"@type":"ImageObject","inLanguage":"fr-FR","@id":"https:\/\/mansledanse.com\/#\/schema\/logo\/image\/","url":"https:\/\/mansledanse.com\/wp-content\/uploads\/2020\/08\/cropped-MDAlogo.png","contentUrl":"https:\/\/mansledanse.com\/wp-content\/uploads\/2020\/08\/cropped-MDAlogo.png","width":367,"height":100,"caption":"Mansle Danse Association - Stage & Cours"},"image":{"@id":"https:\/\/mansledanse.com\/#\/schema\/logo\/image\/"},"sameAs":["https:\/\/www.facebook.com\/MansleDanseAssociation?locale=fr_FR","https:\/\/www.instagram.com\/stagededansedemansle\/"]}]}},"_links":{"self":[{"href":"https:\/\/mansledanse.com\/index.php\/wp-json\/wp\/v2\/pages\/2203","targetHints":{"allow":["GET"]}}],"collection":[{"href":"https:\/\/mansledanse.com\/index.php\/wp-json\/wp\/v2\/pages"}],"about":[{"href":"https:\/\/mansledanse.com\/index.php\/wp-json\/wp\/v2\/types\/page"}],"author":[{"embeddable":true,"href":"https:\/\/mansledanse.com\/index.php\/wp-json\/wp\/v2\/users\/1"}],"replies":[{"embeddable":true,"href":"https:\/\/mansledanse.com\/index.php\/wp-json\/wp\/v2\/comments?post=2203"}],"version-history":[{"count":35,"href":"https:\/\/mansledanse.com\/index.php\/wp-json\/wp\/v2\/pages\/2203\/revisions"}],"predecessor-version":[{"id":3413,"href":"https:\/\/mansledanse.com\/index.php\/wp-json\/wp\/v2\/pages\/2203\/revisions\/3413"}],"wp:attachment":[{"href":"https:\/\/mansledanse.com\/index.php\/wp-json\/wp\/v2\/media?parent=2203"}],"curies":[{"name":"wp","href":"https:\/\/api.w.org\/{rel}","templated":true}]}}