{"id":2883,"date":"2024-04-13T17:04:32","date_gmt":"2024-04-13T15:04:32","guid":{"rendered":"http:\/\/mansledanse.com\/?page_id=2883"},"modified":"2026-04-12T18:09:51","modified_gmt":"2026-04-12T16:09:51","slug":"neven-ritmanic","status":"publish","type":"page","link":"https:\/\/mansledanse.com\/index.php\/neven-ritmanic\/","title":{"rendered":"Neven Ritmanic"},"content":{"rendered":"\t\t<div data-elementor-type=\"wp-page\" data-elementor-id=\"2883\" class=\"elementor elementor-2883\" data-elementor-settings=\"[]\">\n\t\t\t\t\t\t<div class=\"elementor-inner\">\n\t\t\t\t\t\t\t<div class=\"elementor-section-wrap\">\n\t\t\t\t\t\t\t<section class=\"elementor-section elementor-top-section elementor-element elementor-element-432467e elementor-section-boxed elementor-section-height-default elementor-section-height-default\" data-id=\"432467e\" data-element_type=\"section\">\n\t\t\t\t\t\t<div class=\"elementor-container elementor-column-gap-default\">\n\t\t\t\t\t\t\t<div class=\"elementor-row\">\n\t\t\t\t\t<div class=\"elementor-column elementor-col-100 elementor-top-column elementor-element elementor-element-606dd2e\" data-id=\"606dd2e\" data-element_type=\"column\">\n\t\t\t<div class=\"elementor-column-wrap elementor-element-populated\">\n\t\t\t\t\t\t\t<div class=\"elementor-widget-wrap\">\n\t\t\t\t\t\t<div class=\"elementor-element elementor-element-4eabe3a elementor-widget elementor-widget-heading\" data-id=\"4eabe3a\" data-element_type=\"widget\" data-widget_type=\"heading.default\">\n\t\t\t\t<div class=\"elementor-widget-container\">\n\t\t\t<h2 class=\"elementor-heading-title elementor-size-large\">neven ritmanic<\/h2>\t\t<\/div>\n\t\t\t\t<\/div>\n\t\t\t\t\t\t<\/div>\n\t\t\t\t\t<\/div>\n\t\t<\/div>\n\t\t\t\t\t\t\t\t<\/div>\n\t\t\t\t\t<\/div>\n\t\t<\/section>\n\t\t\t\t<section class=\"elementor-section elementor-top-section elementor-element elementor-element-f7ad9b1 elementor-section-boxed elementor-section-height-default elementor-section-height-default\" data-id=\"f7ad9b1\" data-element_type=\"section\">\n\t\t\t\t\t\t<div class=\"elementor-container elementor-column-gap-default\">\n\t\t\t\t\t\t\t<div class=\"elementor-row\">\n\t\t\t\t\t<div class=\"elementor-column elementor-col-100 elementor-top-column elementor-element elementor-element-08bf3a6\" data-id=\"08bf3a6\" data-element_type=\"column\">\n\t\t\t<div class=\"elementor-column-wrap elementor-element-populated\">\n\t\t\t\t\t\t\t<div class=\"elementor-widget-wrap\">\n\t\t\t\t\t\t<div class=\"elementor-element elementor-element-f5a0d6f elementor-widget elementor-widget-heading\" data-id=\"f5a0d6f\" data-element_type=\"widget\" data-widget_type=\"heading.default\">\n\t\t\t\t<div class=\"elementor-widget-container\">\n\t\t\t<h2 class=\"elementor-heading-title elementor-size-default\">Classique<\/h2>\t\t<\/div>\n\t\t\t\t<\/div>\n\t\t\t\t\t\t<\/div>\n\t\t\t\t\t<\/div>\n\t\t<\/div>\n\t\t\t\t\t\t\t\t<\/div>\n\t\t\t\t\t<\/div>\n\t\t<\/section>\n\t\t\t\t<section class=\"elementor-section elementor-top-section elementor-element elementor-element-f7c425f elementor-section-boxed elementor-section-height-default elementor-section-height-default\" data-id=\"f7c425f\" data-element_type=\"section\">\n\t\t\t\t\t\t<div class=\"elementor-container elementor-column-gap-default\">\n\t\t\t\t\t\t\t<div class=\"elementor-row\">\n\t\t\t\t\t<div class=\"elementor-column elementor-col-50 elementor-top-column elementor-element elementor-element-c181e16\" data-id=\"c181e16\" data-element_type=\"column\">\n\t\t\t<div class=\"elementor-column-wrap elementor-element-populated\">\n\t\t\t\t\t\t\t<div class=\"elementor-widget-wrap\">\n\t\t\t\t\t\t<div class=\"elementor-element elementor-element-720fa61 elementor-widget elementor-widget-text-editor\" data-id=\"720fa61\" data-element_type=\"widget\" data-widget_type=\"text-editor.default\">\n\t\t\t\t<div class=\"elementor-widget-container\">\n\t\t\t\t\t\t\t\t<div class=\"elementor-text-editor elementor-clearfix\">\n\t\t\t\t\t<p>Neven commence la danse avec Attilio Labis, \u00e0 12 ans il rentre \u00e0 l&rsquo;\u00e9cole de danse de l&rsquo;Op\u00e9ra de Paris. En 2010 il int\u00e8gre le ballet de l&rsquo;Op\u00e9ra de Paris, il y dansera les grands ballets de r\u00e9pertoire classique ainsi que plusieurs tourn\u00e9es internationales. Il rejoint le Ballet de l&rsquo;Op\u00e9ra de Bordeaux en tant que soliste. Parall\u00e8lement Neven est directeur ave Diane Le Floc&rsquo;h&nbsp; de la compagnie \u00ab\u00a0B6llets\u00a0\u00bb<\/p>\t\t\t\t\t<\/div>\n\t\t\t\t\t\t<\/div>\n\t\t\t\t<\/div>\n\t\t\t\t\t\t<\/div>\n\t\t\t\t\t<\/div>\n\t\t<\/div>\n\t\t\t\t<div class=\"elementor-column elementor-col-50 elementor-top-column elementor-element elementor-element-c32b7ad\" data-id=\"c32b7ad\" data-element_type=\"column\">\n\t\t\t<div class=\"elementor-column-wrap elementor-element-populated\">\n\t\t\t\t\t\t\t<div class=\"elementor-widget-wrap\">\n\t\t\t\t\t\t<div class=\"elementor-element elementor-element-7f18cd8 elementor-widget elementor-widget-image\" data-id=\"7f18cd8\" data-element_type=\"widget\" data-widget_type=\"image.default\">\n\t\t\t\t<div class=\"elementor-widget-container\">\n\t\t\t\t\t\t\t\t<div class=\"elementor-image\">\n\t\t\t\t\t\t\t\t\t\t\t\t<img loading=\"lazy\" decoding=\"async\" width=\"768\" height=\"870\" src=\"https:\/\/mansledanse.com\/wp-content\/uploads\/2025\/03\/Screenshot_20250325-234758_Instagram-768x870.jpg\" class=\"attachment-medium_large size-medium_large\" alt=\"\" srcset=\"https:\/\/mansledanse.com\/wp-content\/uploads\/2025\/03\/Screenshot_20250325-234758_Instagram-768x870.jpg 768w, https:\/\/mansledanse.com\/wp-content\/uploads\/2025\/03\/Screenshot_20250325-234758_Instagram-265x300.jpg 265w, https:\/\/mansledanse.com\/wp-content\/uploads\/2025\/03\/Screenshot_20250325-234758_Instagram-904x1024.jpg 904w, https:\/\/mansledanse.com\/wp-content\/uploads\/2025\/03\/Screenshot_20250325-234758_Instagram.jpg 1080w\" sizes=\"auto, (max-width: 768px) 100vw, 768px\" \/>\t\t\t\t\t\t\t\t\t\t\t\t\t\t<\/div>\n\t\t\t\t\t\t<\/div>\n\t\t\t\t<\/div>\n\t\t\t\t\t\t<\/div>\n\t\t\t\t\t<\/div>\n\t\t<\/div>\n\t\t\t\t\t\t\t\t<\/div>\n\t\t\t\t\t<\/div>\n\t\t<\/section>\n\t\t\t\t<section class=\"elementor-section elementor-top-section elementor-element elementor-element-3b1a4e2 elementor-section-boxed elementor-section-height-default elementor-section-height-default\" data-id=\"3b1a4e2\" data-element_type=\"section\">\n\t\t\t\t\t\t<div class=\"elementor-container elementor-column-gap-default\">\n\t\t\t\t\t\t\t<div class=\"elementor-row\">\n\t\t\t\t\t<div class=\"elementor-column elementor-col-33 elementor-top-column elementor-element elementor-element-21e2ce1\" data-id=\"21e2ce1\" data-element_type=\"column\">\n\t\t\t<div class=\"elementor-column-wrap elementor-element-populated\">\n\t\t\t\t\t\t\t<div class=\"elementor-widget-wrap\">\n\t\t\t\t\t\t<div class=\"elementor-element elementor-element-38e639a elementor-aspect-ratio-169 elementor-widget elementor-widget-video\" data-id=\"38e639a\" data-element_type=\"widget\" data-settings=\"{&quot;youtube_url&quot;:&quot;HplsCU&quot;,&quot;video_type&quot;:&quot;youtube&quot;,&quot;controls&quot;:&quot;yes&quot;,&quot;aspect_ratio&quot;:&quot;169&quot;}\" data-widget_type=\"video.default\">\n\t\t\t\t<div class=\"elementor-widget-container\">\n\t\t\t\t\t<div class=\"elementor-wrapper elementor-fit-aspect-ratio elementor-open-inline\">\n\t\t\t<div class=\"elementor-video\"><\/div>\t\t<\/div>\n\t\t\t\t<\/div>\n\t\t\t\t<\/div>\n\t\t\t\t\t\t<\/div>\n\t\t\t\t\t<\/div>\n\t\t<\/div>\n\t\t\t\t<div class=\"elementor-column elementor-col-33 elementor-top-column elementor-element elementor-element-79e79ae\" data-id=\"79e79ae\" data-element_type=\"column\">\n\t\t\t<div class=\"elementor-column-wrap elementor-element-populated\">\n\t\t\t\t\t\t\t<div class=\"elementor-widget-wrap\">\n\t\t\t\t\t\t<div class=\"elementor-element elementor-element-b1c6725 elementor-aspect-ratio-169 elementor-widget elementor-widget-video\" data-id=\"b1c6725\" data-element_type=\"widget\" data-settings=\"{&quot;youtube_url&quot;:&quot;pdAOU&quot;,&quot;video_type&quot;:&quot;youtube&quot;,&quot;controls&quot;:&quot;yes&quot;,&quot;aspect_ratio&quot;:&quot;169&quot;}\" data-widget_type=\"video.default\">\n\t\t\t\t<div class=\"elementor-widget-container\">\n\t\t\t\t\t<div class=\"elementor-wrapper elementor-fit-aspect-ratio elementor-open-inline\">\n\t\t\t<div class=\"elementor-video\"><\/div>\t\t<\/div>\n\t\t\t\t<\/div>\n\t\t\t\t<\/div>\n\t\t\t\t\t\t<\/div>\n\t\t\t\t\t<\/div>\n\t\t<\/div>\n\t\t\t\t<div class=\"elementor-column elementor-col-33 elementor-top-column elementor-element elementor-element-418a1f0\" data-id=\"418a1f0\" data-element_type=\"column\">\n\t\t\t<div class=\"elementor-column-wrap elementor-element-populated\">\n\t\t\t\t\t\t\t<div class=\"elementor-widget-wrap\">\n\t\t\t\t\t\t<div class=\"elementor-element elementor-element-363891a elementor-aspect-ratio-169 elementor-widget elementor-widget-video\" data-id=\"363891a\" data-element_type=\"widget\" data-settings=\"{&quot;youtube_url&quot;:&quot;7P6I4&quot;,&quot;video_type&quot;:&quot;youtube&quot;,&quot;controls&quot;:&quot;yes&quot;,&quot;aspect_ratio&quot;:&quot;169&quot;}\" data-widget_type=\"video.default\">\n\t\t\t\t<div class=\"elementor-widget-container\">\n\t\t\t\t\t<div class=\"elementor-wrapper elementor-fit-aspect-ratio elementor-open-inline\">\n\t\t\t<div class=\"elementor-video\"><\/div>\t\t<\/div>\n\t\t\t\t<\/div>\n\t\t\t\t<\/div>\n\t\t\t\t\t\t<\/div>\n\t\t\t\t\t<\/div>\n\t\t<\/div>\n\t\t\t\t\t\t\t\t<\/div>\n\t\t\t\t\t<\/div>\n\t\t<\/section>\n\t\t\t\t<section class=\"elementor-section elementor-top-section elementor-element elementor-element-11e9182 elementor-section-boxed elementor-section-height-default elementor-section-height-default\" data-id=\"11e9182\" data-element_type=\"section\">\n\t\t\t\t\t\t<div class=\"elementor-container elementor-column-gap-default\">\n\t\t\t\t\t\t\t<div class=\"elementor-row\">\n\t\t\t\t\t<div class=\"elementor-column elementor-col-100 elementor-top-column elementor-element elementor-element-1b64a39\" data-id=\"1b64a39\" data-element_type=\"column\">\n\t\t\t<div class=\"elementor-column-wrap elementor-element-populated\">\n\t\t\t\t\t\t\t<div class=\"elementor-widget-wrap\">\n\t\t\t\t\t\t<div class=\"elementor-element elementor-element-e6fea8d elementor-aspect-ratio-169 elementor-widget elementor-widget-video\" data-id=\"e6fea8d\" data-element_type=\"widget\" data-settings=\"{&quot;youtube_url&quot;:&quot;https:\\\/\\\/www.youtube.com\\\/watch?v=C8Gf03bFZyo&quot;,&quot;video_type&quot;:&quot;youtube&quot;,&quot;controls&quot;:&quot;yes&quot;,&quot;aspect_ratio&quot;:&quot;169&quot;}\" data-widget_type=\"video.default\">\n\t\t\t\t<div class=\"elementor-widget-container\">\n\t\t\t\t\t<div class=\"elementor-wrapper elementor-fit-aspect-ratio elementor-open-inline\">\n\t\t\t<div class=\"elementor-video\"><\/div>\t\t<\/div>\n\t\t\t\t<\/div>\n\t\t\t\t<\/div>\n\t\t\t\t\t\t<\/div>\n\t\t\t\t\t<\/div>\n\t\t<\/div>\n\t\t\t\t\t\t\t\t<\/div>\n\t\t\t\t\t<\/div>\n\t\t<\/section>\n\t\t\t\t\t\t<\/div>\n\t\t\t\t\t\t<\/div>\n\t\t\t\t\t<\/div>\n\t\t","protected":false},"excerpt":{"rendered":"<p>neven ritmanic Classique Neven commence la danse avec Attilio Labis, \u00e0 12 ans il rentre \u00e0 l&rsquo;\u00e9cole de danse de l&rsquo;Op\u00e9ra de Paris. En 2010 il int\u00e8gre le ballet de l&rsquo;Op\u00e9ra de Paris, il y dansera les grands ballets de r\u00e9pertoire classique ainsi que plusieurs tourn\u00e9es internationales. Il rejoint le Ballet de l&rsquo;Op\u00e9ra de Bordeaux [&hellip;]<\/p>\n","protected":false},"author":1,"featured_media":0,"parent":0,"menu_order":0,"comment_status":"closed","ping_status":"closed","template":"","meta":{"footnotes":""},"class_list":["post-2883","page","type-page","status-publish","hentry","entry"],"yoast_head":"<!-- This site is optimized with the Yoast SEO plugin v24.9 - https:\/\/yoast.com\/wordpress\/plugins\/seo\/ -->\n<title>Neven Ritmanic - Mansle Danse Association - Stage &amp; Cours de danse<\/title>\n<meta name=\"robots\" content=\"index, follow, max-snippet:-1, max-image-preview:large, max-video-preview:-1\" \/>\n<link rel=\"canonical\" href=\"https:\/\/mansledanse.com\/index.php\/neven-ritmanic\/\" \/>\n<meta property=\"og:locale\" content=\"fr_FR\" \/>\n<meta property=\"og:type\" content=\"article\" \/>\n<meta property=\"og:title\" content=\"Neven Ritmanic - Mansle Danse Association - Stage &amp; Cours de danse\" \/>\n<meta property=\"og:description\" content=\"neven ritmanic Classique Neven commence la danse avec Attilio Labis, \u00e0 12 ans il rentre \u00e0 l&rsquo;\u00e9cole de danse de l&rsquo;Op\u00e9ra de Paris. En 2010 il int\u00e8gre le ballet de l&rsquo;Op\u00e9ra de Paris, il y dansera les grands ballets de r\u00e9pertoire classique ainsi que plusieurs tourn\u00e9es internationales. Il rejoint le Ballet de l&rsquo;Op\u00e9ra de Bordeaux [&hellip;]\" \/>\n<meta property=\"og:url\" content=\"https:\/\/mansledanse.com\/index.php\/neven-ritmanic\/\" \/>\n<meta property=\"og:site_name\" content=\"Mansle Danse Association - Stage &amp; Cours de danse\" \/>\n<meta property=\"article:publisher\" content=\"https:\/\/www.facebook.com\/MansleDanseAssociation?locale=fr_FR\" \/>\n<meta property=\"article:modified_time\" content=\"2026-04-12T16:09:51+00:00\" \/>\n<meta property=\"og:image\" content=\"https:\/\/mansledanse.com\/wp-content\/uploads\/2025\/03\/Screenshot_20250325-234758_Instagram-768x870.jpg\" \/>\n<meta name=\"twitter:card\" content=\"summary_large_image\" \/>\n<meta name=\"twitter:label1\" content=\"Dur\u00e9e de lecture estim\u00e9e\" \/>\n\t<meta name=\"twitter:data1\" content=\"1 minute\" \/>\n<script type=\"application\/ld+json\" class=\"yoast-schema-graph\">{\"@context\":\"https:\/\/schema.org\",\"@graph\":[{\"@type\":\"WebPage\",\"@id\":\"https:\/\/mansledanse.com\/index.php\/neven-ritmanic\/\",\"url\":\"https:\/\/mansledanse.com\/index.php\/neven-ritmanic\/\",\"name\":\"Neven Ritmanic - Mansle Danse Association - Stage &amp; Cours de danse\",\"isPartOf\":{\"@id\":\"https:\/\/mansledanse.com\/#website\"},\"primaryImageOfPage\":{\"@id\":\"https:\/\/mansledanse.com\/index.php\/neven-ritmanic\/#primaryimage\"},\"image\":{\"@id\":\"https:\/\/mansledanse.com\/index.php\/neven-ritmanic\/#primaryimage\"},\"thumbnailUrl\":\"https:\/\/mansledanse.com\/wp-content\/uploads\/2025\/03\/Screenshot_20250325-234758_Instagram-768x870.jpg\",\"datePublished\":\"2024-04-13T15:04:32+00:00\",\"dateModified\":\"2026-04-12T16:09:51+00:00\",\"breadcrumb\":{\"@id\":\"https:\/\/mansledanse.com\/index.php\/neven-ritmanic\/#breadcrumb\"},\"inLanguage\":\"fr-FR\",\"potentialAction\":[{\"@type\":\"ReadAction\",\"target\":[\"https:\/\/mansledanse.com\/index.php\/neven-ritmanic\/\"]}]},{\"@type\":\"ImageObject\",\"inLanguage\":\"fr-FR\",\"@id\":\"https:\/\/mansledanse.com\/index.php\/neven-ritmanic\/#primaryimage\",\"url\":\"https:\/\/mansledanse.com\/wp-content\/uploads\/2025\/03\/Screenshot_20250325-234758_Instagram.jpg\",\"contentUrl\":\"https:\/\/mansledanse.com\/wp-content\/uploads\/2025\/03\/Screenshot_20250325-234758_Instagram.jpg\",\"width\":1080,\"height\":1224},{\"@type\":\"BreadcrumbList\",\"@id\":\"https:\/\/mansledanse.com\/index.php\/neven-ritmanic\/#breadcrumb\",\"itemListElement\":[{\"@type\":\"ListItem\",\"position\":1,\"name\":\"Accueil\",\"item\":\"https:\/\/mansledanse.com\/\"},{\"@type\":\"ListItem\",\"position\":2,\"name\":\"Neven Ritmanic\"}]},{\"@type\":\"WebSite\",\"@id\":\"https:\/\/mansledanse.com\/#website\",\"url\":\"https:\/\/mansledanse.com\/\",\"name\":\"Mansle Danse Association - Stage & Cours de danse\",\"description\":\"\",\"publisher\":{\"@id\":\"https:\/\/mansledanse.com\/#organization\"},\"potentialAction\":[{\"@type\":\"SearchAction\",\"target\":{\"@type\":\"EntryPoint\",\"urlTemplate\":\"https:\/\/mansledanse.com\/?s={search_term_string}\"},\"query-input\":{\"@type\":\"PropertyValueSpecification\",\"valueRequired\":true,\"valueName\":\"search_term_string\"}}],\"inLanguage\":\"fr-FR\"},{\"@type\":\"Organization\",\"@id\":\"https:\/\/mansledanse.com\/#organization\",\"name\":\"Mansle Danse Association - Stage & Cours\",\"url\":\"https:\/\/mansledanse.com\/\",\"logo\":{\"@type\":\"ImageObject\",\"inLanguage\":\"fr-FR\",\"@id\":\"https:\/\/mansledanse.com\/#\/schema\/logo\/image\/\",\"url\":\"https:\/\/mansledanse.com\/wp-content\/uploads\/2020\/08\/cropped-MDAlogo.png\",\"contentUrl\":\"https:\/\/mansledanse.com\/wp-content\/uploads\/2020\/08\/cropped-MDAlogo.png\",\"width\":367,\"height\":100,\"caption\":\"Mansle Danse Association - Stage & Cours\"},\"image\":{\"@id\":\"https:\/\/mansledanse.com\/#\/schema\/logo\/image\/\"},\"sameAs\":[\"https:\/\/www.facebook.com\/MansleDanseAssociation?locale=fr_FR\",\"https:\/\/www.instagram.com\/stagededansedemansle\/\"]}]}<\/script>\n<!-- \/ Yoast SEO plugin. -->","yoast_head_json":{"title":"Neven Ritmanic - Mansle Danse Association - Stage &amp; Cours de danse","robots":{"index":"index","follow":"follow","max-snippet":"max-snippet:-1","max-image-preview":"max-image-preview:large","max-video-preview":"max-video-preview:-1"},"canonical":"https:\/\/mansledanse.com\/index.php\/neven-ritmanic\/","og_locale":"fr_FR","og_type":"article","og_title":"Neven Ritmanic - Mansle Danse Association - Stage &amp; Cours de danse","og_description":"neven ritmanic Classique Neven commence la danse avec Attilio Labis, \u00e0 12 ans il rentre \u00e0 l&rsquo;\u00e9cole de danse de l&rsquo;Op\u00e9ra de Paris. En 2010 il int\u00e8gre le ballet de l&rsquo;Op\u00e9ra de Paris, il y dansera les grands ballets de r\u00e9pertoire classique ainsi que plusieurs tourn\u00e9es internationales. Il rejoint le Ballet de l&rsquo;Op\u00e9ra de Bordeaux [&hellip;]","og_url":"https:\/\/mansledanse.com\/index.php\/neven-ritmanic\/","og_site_name":"Mansle Danse Association - Stage &amp; Cours de danse","article_publisher":"https:\/\/www.facebook.com\/MansleDanseAssociation?locale=fr_FR","article_modified_time":"2026-04-12T16:09:51+00:00","og_image":[{"url":"https:\/\/mansledanse.com\/wp-content\/uploads\/2025\/03\/Screenshot_20250325-234758_Instagram-768x870.jpg","type":"","width":"","height":""}],"twitter_card":"summary_large_image","twitter_misc":{"Dur\u00e9e de lecture estim\u00e9e":"1 minute"},"schema":{"@context":"https:\/\/schema.org","@graph":[{"@type":"WebPage","@id":"https:\/\/mansledanse.com\/index.php\/neven-ritmanic\/","url":"https:\/\/mansledanse.com\/index.php\/neven-ritmanic\/","name":"Neven Ritmanic - Mansle Danse Association - Stage &amp; Cours de danse","isPartOf":{"@id":"https:\/\/mansledanse.com\/#website"},"primaryImageOfPage":{"@id":"https:\/\/mansledanse.com\/index.php\/neven-ritmanic\/#primaryimage"},"image":{"@id":"https:\/\/mansledanse.com\/index.php\/neven-ritmanic\/#primaryimage"},"thumbnailUrl":"https:\/\/mansledanse.com\/wp-content\/uploads\/2025\/03\/Screenshot_20250325-234758_Instagram-768x870.jpg","datePublished":"2024-04-13T15:04:32+00:00","dateModified":"2026-04-12T16:09:51+00:00","breadcrumb":{"@id":"https:\/\/mansledanse.com\/index.php\/neven-ritmanic\/#breadcrumb"},"inLanguage":"fr-FR","potentialAction":[{"@type":"ReadAction","target":["https:\/\/mansledanse.com\/index.php\/neven-ritmanic\/"]}]},{"@type":"ImageObject","inLanguage":"fr-FR","@id":"https:\/\/mansledanse.com\/index.php\/neven-ritmanic\/#primaryimage","url":"https:\/\/mansledanse.com\/wp-content\/uploads\/2025\/03\/Screenshot_20250325-234758_Instagram.jpg","contentUrl":"https:\/\/mansledanse.com\/wp-content\/uploads\/2025\/03\/Screenshot_20250325-234758_Instagram.jpg","width":1080,"height":1224},{"@type":"BreadcrumbList","@id":"https:\/\/mansledanse.com\/index.php\/neven-ritmanic\/#breadcrumb","itemListElement":[{"@type":"ListItem","position":1,"name":"Accueil","item":"https:\/\/mansledanse.com\/"},{"@type":"ListItem","position":2,"name":"Neven Ritmanic"}]},{"@type":"WebSite","@id":"https:\/\/mansledanse.com\/#website","url":"https:\/\/mansledanse.com\/","name":"Mansle Danse Association - Stage & Cours de danse","description":"","publisher":{"@id":"https:\/\/mansledanse.com\/#organization"},"potentialAction":[{"@type":"SearchAction","target":{"@type":"EntryPoint","urlTemplate":"https:\/\/mansledanse.com\/?s={search_term_string}"},"query-input":{"@type":"PropertyValueSpecification","valueRequired":true,"valueName":"search_term_string"}}],"inLanguage":"fr-FR"},{"@type":"Organization","@id":"https:\/\/mansledanse.com\/#organization","name":"Mansle Danse Association - Stage & Cours","url":"https:\/\/mansledanse.com\/","logo":{"@type":"ImageObject","inLanguage":"fr-FR","@id":"https:\/\/mansledanse.com\/#\/schema\/logo\/image\/","url":"https:\/\/mansledanse.com\/wp-content\/uploads\/2020\/08\/cropped-MDAlogo.png","contentUrl":"https:\/\/mansledanse.com\/wp-content\/uploads\/2020\/08\/cropped-MDAlogo.png","width":367,"height":100,"caption":"Mansle Danse Association - Stage & Cours"},"image":{"@id":"https:\/\/mansledanse.com\/#\/schema\/logo\/image\/"},"sameAs":["https:\/\/www.facebook.com\/MansleDanseAssociation?locale=fr_FR","https:\/\/www.instagram.com\/stagededansedemansle\/"]}]}},"_links":{"self":[{"href":"https:\/\/mansledanse.com\/index.php\/wp-json\/wp\/v2\/pages\/2883","targetHints":{"allow":["GET"]}}],"collection":[{"href":"https:\/\/mansledanse.com\/index.php\/wp-json\/wp\/v2\/pages"}],"about":[{"href":"https:\/\/mansledanse.com\/index.php\/wp-json\/wp\/v2\/types\/page"}],"author":[{"embeddable":true,"href":"https:\/\/mansledanse.com\/index.php\/wp-json\/wp\/v2\/users\/1"}],"replies":[{"embeddable":true,"href":"https:\/\/mansledanse.com\/index.php\/wp-json\/wp\/v2\/comments?post=2883"}],"version-history":[{"count":77,"href":"https:\/\/mansledanse.com\/index.php\/wp-json\/wp\/v2\/pages\/2883\/revisions"}],"predecessor-version":[{"id":4008,"href":"https:\/\/mansledanse.com\/index.php\/wp-json\/wp\/v2\/pages\/2883\/revisions\/4008"}],"wp:attachment":[{"href":"https:\/\/mansledanse.com\/index.php\/wp-json\/wp\/v2\/media?parent=2883"}],"curies":[{"name":"wp","href":"https:\/\/api.w.org\/{rel}","templated":true}]}}