{"id":3100,"date":"2024-04-16T09:36:31","date_gmt":"2024-04-16T07:36:31","guid":{"rendered":"https:\/\/mansledanse.com\/?page_id=3100"},"modified":"2026-04-12T18:09:43","modified_gmt":"2026-04-12T16:09:43","slug":"justine-unzel","status":"publish","type":"page","link":"https:\/\/mansledanse.com\/index.php\/justine-unzel\/","title":{"rendered":"Justine Unzel"},"content":{"rendered":"\t\t<div data-elementor-type=\"wp-page\" data-elementor-id=\"3100\" class=\"elementor elementor-3100\" data-elementor-settings=\"[]\">\n\t\t\t\t\t\t<div class=\"elementor-inner\">\n\t\t\t\t\t\t\t<div class=\"elementor-section-wrap\">\n\t\t\t\t\t\t\t<section class=\"elementor-section elementor-top-section elementor-element elementor-element-63330848 elementor-section-content-middle elementor-section-boxed elementor-section-height-default elementor-section-height-default\" data-id=\"63330848\" data-element_type=\"section\">\n\t\t\t\t\t\t<div class=\"elementor-container elementor-column-gap-default\">\n\t\t\t\t\t\t\t<div class=\"elementor-row\">\n\t\t\t\t\t<div class=\"elementor-column elementor-col-50 elementor-top-column elementor-element elementor-element-7024aaa4 animated-slow elementor-invisible\" data-id=\"7024aaa4\" data-element_type=\"column\" data-settings=\"{&quot;animation&quot;:&quot;fadeIn&quot;}\">\n\t\t\t<div class=\"elementor-column-wrap elementor-element-populated\">\n\t\t\t\t\t\t\t<div class=\"elementor-widget-wrap\">\n\t\t\t\t\t\t<div class=\"elementor-element elementor-element-64f8eb37 elementor-widget elementor-widget-heading\" data-id=\"64f8eb37\" data-element_type=\"widget\" data-widget_type=\"heading.default\">\n\t\t\t\t<div class=\"elementor-widget-container\">\n\t\t\t<h2 class=\"elementor-heading-title elementor-size-large\">Justine<br>\nUnzel<\/h2>\t\t<\/div>\n\t\t\t\t<\/div>\n\t\t\t\t<div class=\"elementor-element elementor-element-70a9ba3 elementor-widget elementor-widget-heading\" data-id=\"70a9ba3\" data-element_type=\"widget\" data-widget_type=\"heading.default\">\n\t\t\t\t<div class=\"elementor-widget-container\">\n\t\t\t<h2 class=\"elementor-heading-title elementor-size-medium\">Street Jazz & \n\nLyrical Jazz<\/h2>\t\t<\/div>\n\t\t\t\t<\/div>\n\t\t\t\t<div class=\"elementor-element elementor-element-4fc530a elementor-widget-divider--view-line elementor-widget elementor-widget-divider\" data-id=\"4fc530a\" data-element_type=\"widget\" data-widget_type=\"divider.default\">\n\t\t\t\t<div class=\"elementor-widget-container\">\n\t\t\t\t\t<div class=\"elementor-divider\">\n\t\t\t<span class=\"elementor-divider-separator\">\n\t\t\t\t\t\t<\/span>\n\t\t<\/div>\n\t\t\t\t<\/div>\n\t\t\t\t<\/div>\n\t\t\t\t<div class=\"elementor-element elementor-element-4269de6 elementor-widget elementor-widget-text-editor\" data-id=\"4269de6\" data-element_type=\"widget\" data-widget_type=\"text-editor.default\">\n\t\t\t\t<div class=\"elementor-widget-container\">\n\t\t\t\t\t\t\t\t<div class=\"elementor-text-editor elementor-clearfix\">\n\t\t\t\t\t<p>Justine puise dans ses richesses pour donner \u00e0 ses cr\u00e9ations un go\u00fbt d\u2019universalisme et transmettre \u00e0 ses \u00e9l\u00e8ves la passion de la danse sans fronti\u00e8re ni barri\u00e8re.<\/p><p>En 2016 elle fonde LEMONADE DANCE COMPANY, compagnie de danse modern jazz et street jazz dans le but d\u2019exprimer pleinement son art lors d\u2019\u00e9v\u00e8nements en tout genre.<\/p><p>Ayant le go\u00fbt de la performance, elle a permis \u00e0 ses \u00e9l\u00e8ves de gagner de nombreux prix lors de concours, dont la m\u00e9daille d\u2019or en duo lors du concours europ\u00e9en en 2019.<\/p><div><div><p>Poursuivant son cheminement artistique et sa volont\u00e9 de cr\u00e9er, transmettre et diffuser sa vision de la danse, Justine continue de se former notamment \u00e0 New york et Los Angeles.<\/p><p>En 2020, Justine se fait remarquer dans l&rsquo;\u00e9mission de t\u00e9l\u00e9vision La France a un incroyable talent, saison 15, en pr\u00e9sentant une chor\u00e9graphie engag\u00e9e dans la continuit\u00e9 du mouvement Black Lives Matter. Cette cr\u00e9ation \u00e9meut des millions de t\u00e9l\u00e9spectateurs et d&rsquo;internautes, ainsi que les membres du jury dont la c\u00e9l\u00e8bre cantatrice Marianne James, qui propulsa la compagnie en finale.\u00a0<\/p><h5>\u00a0<\/h5><\/div><\/div><p>\u00a0<\/p>\t\t\t\t\t<\/div>\n\t\t\t\t\t\t<\/div>\n\t\t\t\t<\/div>\n\t\t\t\t\t\t<\/div>\n\t\t\t\t\t<\/div>\n\t\t<\/div>\n\t\t\t\t<div class=\"elementor-column elementor-col-50 elementor-top-column elementor-element elementor-element-779ef154 elementor-sm-100\" data-id=\"779ef154\" data-element_type=\"column\">\n\t\t\t<div class=\"elementor-column-wrap elementor-element-populated\">\n\t\t\t\t\t\t\t<div class=\"elementor-widget-wrap\">\n\t\t\t\t\t\t<div class=\"elementor-element elementor-element-65881559 gallery-spacing-custom elementor-hidden-phone elementor-invisible elementor-widget elementor-widget-image-gallery\" data-id=\"65881559\" data-element_type=\"widget\" data-settings=\"{&quot;_animation&quot;:&quot;fadeInRight&quot;}\" data-widget_type=\"image-gallery.default\">\n\t\t\t\t<div class=\"elementor-widget-container\">\n\t\t\t\t\t<div class=\"elementor-image-gallery\">\n\t\t\t<div id='gallery-1' class='gallery galleryid-3100 gallery-columns-1 gallery-size-medium_large'><figure class='gallery-item'>\n\t\t\t<div class='gallery-icon portrait'>\n\t\t\t\t<img loading=\"lazy\" decoding=\"async\" width=\"768\" height=\"955\" src=\"https:\/\/mansledanse.com\/wp-content\/uploads\/2022\/03\/justine_hunzel-768x955.jpg\" class=\"attachment-medium_large size-medium_large\" alt=\"\" srcset=\"https:\/\/mansledanse.com\/wp-content\/uploads\/2022\/03\/justine_hunzel-768x955.jpg 768w, https:\/\/mansledanse.com\/wp-content\/uploads\/2022\/03\/justine_hunzel-241x300.jpg 241w, https:\/\/mansledanse.com\/wp-content\/uploads\/2022\/03\/justine_hunzel-823x1024.jpg 823w, https:\/\/mansledanse.com\/wp-content\/uploads\/2022\/03\/justine_hunzel-1235x1536.jpg 1235w, https:\/\/mansledanse.com\/wp-content\/uploads\/2022\/03\/justine_hunzel.jpg 1440w\" sizes=\"auto, (max-width: 768px) 100vw, 768px\" \/>\n\t\t\t<\/div><\/figure>\n\t\t<\/div>\n\t\t<\/div>\n\t\t\t\t<\/div>\n\t\t\t\t<\/div>\n\t\t\t\t<div class=\"elementor-element elementor-element-3d10e48c elementor-align-left elementor-mobile-align-center elementor-widget elementor-widget-button\" data-id=\"3d10e48c\" data-element_type=\"widget\" data-widget_type=\"button.default\">\n\t\t\t\t<div class=\"elementor-widget-container\">\n\t\t\t\t\t<div class=\"elementor-button-wrapper\">\n\t\t\t<a href=\"http:\/\/mansledanse.com\/index.php\/professeurs\/\" class=\"elementor-button-link elementor-button elementor-size-xs elementor-animation-pop\" role=\"button\">\n\t\t\t\t\t\t<span class=\"elementor-button-content-wrapper\">\n\t\t\t\t\t\t<span class=\"elementor-button-icon elementor-align-icon-right\">\n\t\t\t\t<i aria-hidden=\"true\" class=\"fas fa-long-arrow-alt-right\"><\/i>\t\t\t<\/span>\n\t\t\t\t\t\t<span class=\"elementor-button-text\">Autres professeurs<\/span>\n\t\t<\/span>\n\t\t\t\t\t<\/a>\n\t\t<\/div>\n\t\t\t\t<\/div>\n\t\t\t\t<\/div>\n\t\t\t\t\t\t<\/div>\n\t\t\t\t\t<\/div>\n\t\t<\/div>\n\t\t\t\t\t\t\t\t<\/div>\n\t\t\t\t\t<\/div>\n\t\t<\/section>\n\t\t\t\t<section class=\"elementor-section elementor-top-section elementor-element elementor-element-77f5f59d elementor-section-boxed elementor-section-height-default elementor-section-height-default\" data-id=\"77f5f59d\" data-element_type=\"section\">\n\t\t\t\t\t\t<div class=\"elementor-container elementor-column-gap-default\">\n\t\t\t\t\t\t\t<div class=\"elementor-row\">\n\t\t\t\t\t<div class=\"elementor-column elementor-col-33 elementor-top-column elementor-element elementor-element-2661d8e0\" data-id=\"2661d8e0\" data-element_type=\"column\">\n\t\t\t<div class=\"elementor-column-wrap elementor-element-populated\">\n\t\t\t\t\t\t\t<div class=\"elementor-widget-wrap\">\n\t\t\t\t\t\t<div class=\"elementor-element elementor-element-5891262d elementor-aspect-ratio-169 elementor-widget elementor-widget-video\" data-id=\"5891262d\" data-element_type=\"widget\" data-settings=\"{&quot;youtube_url&quot;:&quot;https:\\\/\\\/youtu.be\\\/rB5wEfyymrY&quot;,&quot;video_type&quot;:&quot;youtube&quot;,&quot;controls&quot;:&quot;yes&quot;,&quot;aspect_ratio&quot;:&quot;169&quot;}\" data-widget_type=\"video.default\">\n\t\t\t\t<div class=\"elementor-widget-container\">\n\t\t\t\t\t<div class=\"elementor-wrapper elementor-fit-aspect-ratio elementor-open-inline\">\n\t\t\t<div class=\"elementor-video\"><\/div>\t\t<\/div>\n\t\t\t\t<\/div>\n\t\t\t\t<\/div>\n\t\t\t\t\t\t<\/div>\n\t\t\t\t\t<\/div>\n\t\t<\/div>\n\t\t\t\t<div class=\"elementor-column elementor-col-33 elementor-top-column elementor-element elementor-element-50d2be60\" data-id=\"50d2be60\" data-element_type=\"column\">\n\t\t\t<div class=\"elementor-column-wrap elementor-element-populated\">\n\t\t\t\t\t\t\t<div class=\"elementor-widget-wrap\">\n\t\t\t\t\t\t<div class=\"elementor-element elementor-element-24f02272 elementor-aspect-ratio-169 elementor-widget elementor-widget-video\" data-id=\"24f02272\" data-element_type=\"widget\" data-settings=\"{&quot;youtube_url&quot;:&quot;https:\\\/\\\/youtu.be\\\/lY7JDaSJgmw&quot;,&quot;video_type&quot;:&quot;youtube&quot;,&quot;controls&quot;:&quot;yes&quot;,&quot;aspect_ratio&quot;:&quot;169&quot;}\" data-widget_type=\"video.default\">\n\t\t\t\t<div class=\"elementor-widget-container\">\n\t\t\t\t\t<div class=\"elementor-wrapper elementor-fit-aspect-ratio elementor-open-inline\">\n\t\t\t<div class=\"elementor-video\"><\/div>\t\t<\/div>\n\t\t\t\t<\/div>\n\t\t\t\t<\/div>\n\t\t\t\t\t\t<\/div>\n\t\t\t\t\t<\/div>\n\t\t<\/div>\n\t\t\t\t<div class=\"elementor-column elementor-col-33 elementor-top-column elementor-element elementor-element-42b30daa\" data-id=\"42b30daa\" data-element_type=\"column\">\n\t\t\t<div class=\"elementor-column-wrap elementor-element-populated\">\n\t\t\t\t\t\t\t<div class=\"elementor-widget-wrap\">\n\t\t\t\t\t\t<div class=\"elementor-element elementor-element-31cfb989 elementor-aspect-ratio-169 elementor-widget elementor-widget-video\" data-id=\"31cfb989\" data-element_type=\"widget\" data-settings=\"{&quot;youtube_url&quot;:&quot;https:\\\/\\\/youtu.be\\\/I6DptA05XQ0&quot;,&quot;video_type&quot;:&quot;youtube&quot;,&quot;controls&quot;:&quot;yes&quot;,&quot;aspect_ratio&quot;:&quot;169&quot;}\" data-widget_type=\"video.default\">\n\t\t\t\t<div class=\"elementor-widget-container\">\n\t\t\t\t\t<div class=\"elementor-wrapper elementor-fit-aspect-ratio elementor-open-inline\">\n\t\t\t<div class=\"elementor-video\"><\/div>\t\t<\/div>\n\t\t\t\t<\/div>\n\t\t\t\t<\/div>\n\t\t\t\t\t\t<\/div>\n\t\t\t\t\t<\/div>\n\t\t<\/div>\n\t\t\t\t\t\t\t\t<\/div>\n\t\t\t\t\t<\/div>\n\t\t<\/section>\n\t\t\t\t\t\t<\/div>\n\t\t\t\t\t\t<\/div>\n\t\t\t\t\t<\/div>\n\t\t","protected":false},"excerpt":{"rendered":"<p>Justine Unzel Street Jazz &#038; Lyrical Jazz Justine puise dans ses richesses pour donner \u00e0 ses cr\u00e9ations un go\u00fbt d\u2019universalisme et transmettre \u00e0 ses \u00e9l\u00e8ves la passion de la danse sans fronti\u00e8re ni barri\u00e8re. En 2016 elle fonde LEMONADE DANCE COMPANY, compagnie de danse modern jazz et street jazz dans le but d\u2019exprimer pleinement son [&hellip;]<\/p>\n","protected":false},"author":1,"featured_media":0,"parent":0,"menu_order":0,"comment_status":"closed","ping_status":"closed","template":"","meta":{"footnotes":""},"class_list":["post-3100","page","type-page","status-publish","hentry","entry"],"yoast_head":"<!-- This site is optimized with the Yoast SEO plugin v24.9 - https:\/\/yoast.com\/wordpress\/plugins\/seo\/ -->\n<title>Justine Unzel - Mansle Danse Association - Stage &amp; Cours de danse<\/title>\n<meta name=\"robots\" content=\"index, follow, max-snippet:-1, max-image-preview:large, max-video-preview:-1\" \/>\n<link rel=\"canonical\" href=\"https:\/\/mansledanse.com\/index.php\/justine-unzel\/\" \/>\n<meta property=\"og:locale\" content=\"fr_FR\" \/>\n<meta property=\"og:type\" content=\"article\" \/>\n<meta property=\"og:title\" content=\"Justine Unzel - Mansle Danse Association - Stage &amp; Cours de danse\" \/>\n<meta property=\"og:description\" content=\"Justine Unzel Street Jazz &#038; Lyrical Jazz Justine puise dans ses richesses pour donner \u00e0 ses cr\u00e9ations un go\u00fbt d\u2019universalisme et transmettre \u00e0 ses \u00e9l\u00e8ves la passion de la danse sans fronti\u00e8re ni barri\u00e8re. En 2016 elle fonde LEMONADE DANCE COMPANY, compagnie de danse modern jazz et street jazz dans le but d\u2019exprimer pleinement son [&hellip;]\" \/>\n<meta property=\"og:url\" content=\"https:\/\/mansledanse.com\/index.php\/justine-unzel\/\" \/>\n<meta property=\"og:site_name\" content=\"Mansle Danse Association - Stage &amp; Cours de danse\" \/>\n<meta property=\"article:publisher\" content=\"https:\/\/www.facebook.com\/MansleDanseAssociation?locale=fr_FR\" \/>\n<meta property=\"article:modified_time\" content=\"2026-04-12T16:09:43+00:00\" \/>\n<meta property=\"og:image\" content=\"https:\/\/mansledanse.com\/wp-content\/uploads\/2022\/03\/justine_hunzel-768x955.jpg\" \/>\n<meta name=\"twitter:card\" content=\"summary_large_image\" \/>\n<meta name=\"twitter:label1\" content=\"Dur\u00e9e de lecture estim\u00e9e\" \/>\n\t<meta name=\"twitter:data1\" content=\"1 minute\" \/>\n<script type=\"application\/ld+json\" class=\"yoast-schema-graph\">{\"@context\":\"https:\/\/schema.org\",\"@graph\":[{\"@type\":\"WebPage\",\"@id\":\"https:\/\/mansledanse.com\/index.php\/justine-unzel\/\",\"url\":\"https:\/\/mansledanse.com\/index.php\/justine-unzel\/\",\"name\":\"Justine Unzel - Mansle Danse Association - Stage &amp; Cours de danse\",\"isPartOf\":{\"@id\":\"https:\/\/mansledanse.com\/#website\"},\"primaryImageOfPage\":{\"@id\":\"https:\/\/mansledanse.com\/index.php\/justine-unzel\/#primaryimage\"},\"image\":{\"@id\":\"https:\/\/mansledanse.com\/index.php\/justine-unzel\/#primaryimage\"},\"thumbnailUrl\":\"https:\/\/mansledanse.com\/wp-content\/uploads\/2022\/03\/justine_hunzel-768x955.jpg\",\"datePublished\":\"2024-04-16T07:36:31+00:00\",\"dateModified\":\"2026-04-12T16:09:43+00:00\",\"breadcrumb\":{\"@id\":\"https:\/\/mansledanse.com\/index.php\/justine-unzel\/#breadcrumb\"},\"inLanguage\":\"fr-FR\",\"potentialAction\":[{\"@type\":\"ReadAction\",\"target\":[\"https:\/\/mansledanse.com\/index.php\/justine-unzel\/\"]}]},{\"@type\":\"ImageObject\",\"inLanguage\":\"fr-FR\",\"@id\":\"https:\/\/mansledanse.com\/index.php\/justine-unzel\/#primaryimage\",\"url\":\"https:\/\/mansledanse.com\/wp-content\/uploads\/2022\/03\/justine_hunzel.jpg\",\"contentUrl\":\"https:\/\/mansledanse.com\/wp-content\/uploads\/2022\/03\/justine_hunzel.jpg\",\"width\":1440,\"height\":1791},{\"@type\":\"BreadcrumbList\",\"@id\":\"https:\/\/mansledanse.com\/index.php\/justine-unzel\/#breadcrumb\",\"itemListElement\":[{\"@type\":\"ListItem\",\"position\":1,\"name\":\"Accueil\",\"item\":\"https:\/\/mansledanse.com\/\"},{\"@type\":\"ListItem\",\"position\":2,\"name\":\"Justine Unzel\"}]},{\"@type\":\"WebSite\",\"@id\":\"https:\/\/mansledanse.com\/#website\",\"url\":\"https:\/\/mansledanse.com\/\",\"name\":\"Mansle Danse Association - Stage & Cours de danse\",\"description\":\"\",\"publisher\":{\"@id\":\"https:\/\/mansledanse.com\/#organization\"},\"potentialAction\":[{\"@type\":\"SearchAction\",\"target\":{\"@type\":\"EntryPoint\",\"urlTemplate\":\"https:\/\/mansledanse.com\/?s={search_term_string}\"},\"query-input\":{\"@type\":\"PropertyValueSpecification\",\"valueRequired\":true,\"valueName\":\"search_term_string\"}}],\"inLanguage\":\"fr-FR\"},{\"@type\":\"Organization\",\"@id\":\"https:\/\/mansledanse.com\/#organization\",\"name\":\"Mansle Danse Association - Stage & Cours\",\"url\":\"https:\/\/mansledanse.com\/\",\"logo\":{\"@type\":\"ImageObject\",\"inLanguage\":\"fr-FR\",\"@id\":\"https:\/\/mansledanse.com\/#\/schema\/logo\/image\/\",\"url\":\"https:\/\/mansledanse.com\/wp-content\/uploads\/2020\/08\/cropped-MDAlogo.png\",\"contentUrl\":\"https:\/\/mansledanse.com\/wp-content\/uploads\/2020\/08\/cropped-MDAlogo.png\",\"width\":367,\"height\":100,\"caption\":\"Mansle Danse Association - Stage & Cours\"},\"image\":{\"@id\":\"https:\/\/mansledanse.com\/#\/schema\/logo\/image\/\"},\"sameAs\":[\"https:\/\/www.facebook.com\/MansleDanseAssociation?locale=fr_FR\",\"https:\/\/www.instagram.com\/stagededansedemansle\/\"]}]}<\/script>\n<!-- \/ Yoast SEO plugin. -->","yoast_head_json":{"title":"Justine Unzel - Mansle Danse Association - Stage &amp; Cours de danse","robots":{"index":"index","follow":"follow","max-snippet":"max-snippet:-1","max-image-preview":"max-image-preview:large","max-video-preview":"max-video-preview:-1"},"canonical":"https:\/\/mansledanse.com\/index.php\/justine-unzel\/","og_locale":"fr_FR","og_type":"article","og_title":"Justine Unzel - Mansle Danse Association - Stage &amp; Cours de danse","og_description":"Justine Unzel Street Jazz &#038; Lyrical Jazz Justine puise dans ses richesses pour donner \u00e0 ses cr\u00e9ations un go\u00fbt d\u2019universalisme et transmettre \u00e0 ses \u00e9l\u00e8ves la passion de la danse sans fronti\u00e8re ni barri\u00e8re. En 2016 elle fonde LEMONADE DANCE COMPANY, compagnie de danse modern jazz et street jazz dans le but d\u2019exprimer pleinement son [&hellip;]","og_url":"https:\/\/mansledanse.com\/index.php\/justine-unzel\/","og_site_name":"Mansle Danse Association - Stage &amp; Cours de danse","article_publisher":"https:\/\/www.facebook.com\/MansleDanseAssociation?locale=fr_FR","article_modified_time":"2026-04-12T16:09:43+00:00","og_image":[{"url":"https:\/\/mansledanse.com\/wp-content\/uploads\/2022\/03\/justine_hunzel-768x955.jpg","type":"","width":"","height":""}],"twitter_card":"summary_large_image","twitter_misc":{"Dur\u00e9e de lecture estim\u00e9e":"1 minute"},"schema":{"@context":"https:\/\/schema.org","@graph":[{"@type":"WebPage","@id":"https:\/\/mansledanse.com\/index.php\/justine-unzel\/","url":"https:\/\/mansledanse.com\/index.php\/justine-unzel\/","name":"Justine Unzel - Mansle Danse Association - Stage &amp; Cours de danse","isPartOf":{"@id":"https:\/\/mansledanse.com\/#website"},"primaryImageOfPage":{"@id":"https:\/\/mansledanse.com\/index.php\/justine-unzel\/#primaryimage"},"image":{"@id":"https:\/\/mansledanse.com\/index.php\/justine-unzel\/#primaryimage"},"thumbnailUrl":"https:\/\/mansledanse.com\/wp-content\/uploads\/2022\/03\/justine_hunzel-768x955.jpg","datePublished":"2024-04-16T07:36:31+00:00","dateModified":"2026-04-12T16:09:43+00:00","breadcrumb":{"@id":"https:\/\/mansledanse.com\/index.php\/justine-unzel\/#breadcrumb"},"inLanguage":"fr-FR","potentialAction":[{"@type":"ReadAction","target":["https:\/\/mansledanse.com\/index.php\/justine-unzel\/"]}]},{"@type":"ImageObject","inLanguage":"fr-FR","@id":"https:\/\/mansledanse.com\/index.php\/justine-unzel\/#primaryimage","url":"https:\/\/mansledanse.com\/wp-content\/uploads\/2022\/03\/justine_hunzel.jpg","contentUrl":"https:\/\/mansledanse.com\/wp-content\/uploads\/2022\/03\/justine_hunzel.jpg","width":1440,"height":1791},{"@type":"BreadcrumbList","@id":"https:\/\/mansledanse.com\/index.php\/justine-unzel\/#breadcrumb","itemListElement":[{"@type":"ListItem","position":1,"name":"Accueil","item":"https:\/\/mansledanse.com\/"},{"@type":"ListItem","position":2,"name":"Justine Unzel"}]},{"@type":"WebSite","@id":"https:\/\/mansledanse.com\/#website","url":"https:\/\/mansledanse.com\/","name":"Mansle Danse Association - Stage & Cours de danse","description":"","publisher":{"@id":"https:\/\/mansledanse.com\/#organization"},"potentialAction":[{"@type":"SearchAction","target":{"@type":"EntryPoint","urlTemplate":"https:\/\/mansledanse.com\/?s={search_term_string}"},"query-input":{"@type":"PropertyValueSpecification","valueRequired":true,"valueName":"search_term_string"}}],"inLanguage":"fr-FR"},{"@type":"Organization","@id":"https:\/\/mansledanse.com\/#organization","name":"Mansle Danse Association - Stage & Cours","url":"https:\/\/mansledanse.com\/","logo":{"@type":"ImageObject","inLanguage":"fr-FR","@id":"https:\/\/mansledanse.com\/#\/schema\/logo\/image\/","url":"https:\/\/mansledanse.com\/wp-content\/uploads\/2020\/08\/cropped-MDAlogo.png","contentUrl":"https:\/\/mansledanse.com\/wp-content\/uploads\/2020\/08\/cropped-MDAlogo.png","width":367,"height":100,"caption":"Mansle Danse Association - Stage & Cours"},"image":{"@id":"https:\/\/mansledanse.com\/#\/schema\/logo\/image\/"},"sameAs":["https:\/\/www.facebook.com\/MansleDanseAssociation?locale=fr_FR","https:\/\/www.instagram.com\/stagededansedemansle\/"]}]}},"_links":{"self":[{"href":"https:\/\/mansledanse.com\/index.php\/wp-json\/wp\/v2\/pages\/3100","targetHints":{"allow":["GET"]}}],"collection":[{"href":"https:\/\/mansledanse.com\/index.php\/wp-json\/wp\/v2\/pages"}],"about":[{"href":"https:\/\/mansledanse.com\/index.php\/wp-json\/wp\/v2\/types\/page"}],"author":[{"embeddable":true,"href":"https:\/\/mansledanse.com\/index.php\/wp-json\/wp\/v2\/users\/1"}],"replies":[{"embeddable":true,"href":"https:\/\/mansledanse.com\/index.php\/wp-json\/wp\/v2\/comments?post=3100"}],"version-history":[{"count":5,"href":"https:\/\/mansledanse.com\/index.php\/wp-json\/wp\/v2\/pages\/3100\/revisions"}],"predecessor-version":[{"id":4043,"href":"https:\/\/mansledanse.com\/index.php\/wp-json\/wp\/v2\/pages\/3100\/revisions\/4043"}],"wp:attachment":[{"href":"https:\/\/mansledanse.com\/index.php\/wp-json\/wp\/v2\/media?parent=3100"}],"curies":[{"name":"wp","href":"https:\/\/api.w.org\/{rel}","templated":true}]}}