{"id":4082,"date":"2026-04-12T18:23:09","date_gmt":"2026-04-12T16:23:09","guid":{"rendered":"https:\/\/mansledanse.com\/?page_id=4082"},"modified":"2026-04-15T15:40:11","modified_gmt":"2026-04-15T13:40:11","slug":"jeremy-alberge","status":"publish","type":"page","link":"https:\/\/mansledanse.com\/index.php\/jeremy-alberge\/","title":{"rendered":"Jeremy Alberge"},"content":{"rendered":"\t\t<div data-elementor-type=\"wp-page\" data-elementor-id=\"4082\" class=\"elementor elementor-4082\" data-elementor-settings=\"[]\">\n\t\t\t\t\t\t<div class=\"elementor-inner\">\n\t\t\t\t\t\t\t<div class=\"elementor-section-wrap\">\n\t\t\t\t\t\t\t<section class=\"elementor-section elementor-top-section elementor-element elementor-element-6828b0c elementor-section-content-middle elementor-section-boxed elementor-section-height-default elementor-section-height-default\" data-id=\"6828b0c\" data-element_type=\"section\">\n\t\t\t\t\t\t<div class=\"elementor-container elementor-column-gap-default\">\n\t\t\t\t\t\t\t<div class=\"elementor-row\">\n\t\t\t\t\t<div class=\"elementor-column elementor-col-50 elementor-top-column elementor-element elementor-element-fd7a36b animated-slow elementor-invisible\" data-id=\"fd7a36b\" data-element_type=\"column\" data-settings=\"{&quot;animation&quot;:&quot;fadeIn&quot;}\">\n\t\t\t<div class=\"elementor-column-wrap elementor-element-populated\">\n\t\t\t\t\t\t\t<div class=\"elementor-widget-wrap\">\n\t\t\t\t\t\t<div class=\"elementor-element elementor-element-7ad1883 elementor-widget elementor-widget-heading\" data-id=\"7ad1883\" data-element_type=\"widget\" data-widget_type=\"heading.default\">\n\t\t\t\t<div class=\"elementor-widget-container\">\n\t\t\t<h2 class=\"elementor-heading-title elementor-size-large\">J\u00e9r\u00e9my<br>Alberge<\/h2>\t\t<\/div>\n\t\t\t\t<\/div>\n\t\t\t\t<div class=\"elementor-element elementor-element-d874053 elementor-widget elementor-widget-heading\" data-id=\"d874053\" data-element_type=\"widget\" data-widget_type=\"heading.default\">\n\t\t\t\t<div class=\"elementor-widget-container\">\n\t\t\t<h2 class=\"elementor-heading-title elementor-size-medium\">contemporain<\/h2>\t\t<\/div>\n\t\t\t\t<\/div>\n\t\t\t\t<div class=\"elementor-element elementor-element-300209c elementor-widget-divider--view-line elementor-widget elementor-widget-divider\" data-id=\"300209c\" data-element_type=\"widget\" data-widget_type=\"divider.default\">\n\t\t\t\t<div class=\"elementor-widget-container\">\n\t\t\t\t\t<div class=\"elementor-divider\">\n\t\t\t<span class=\"elementor-divider-separator\">\n\t\t\t\t\t\t<\/span>\n\t\t<\/div>\n\t\t\t\t<\/div>\n\t\t\t\t<\/div>\n\t\t\t\t<div class=\"elementor-element elementor-element-85c6c86 elementor-widget elementor-widget-text-editor\" data-id=\"85c6c86\" data-element_type=\"widget\" data-widget_type=\"text-editor.default\">\n\t\t\t\t<div class=\"elementor-widget-container\">\n\t\t\t\t\t\t\t\t<div class=\"elementor-text-editor elementor-clearfix\">\n\t\t\t\t\t<p>J\u00e9r\u00e9my commence \u00e0 s\u2019int\u00e9resser \u00e0 la danse en 2007 et se d\u00e9couvre une passion grandissante pour la \u00ab Danse electro \u00bb jusqu\u2019\u00e0 en gagner le championnat de France en 2009.<\/p><p>Suite \u00e0 cet \u00e9v\u00e9nement, il est appel\u00e9 r\u00e9guli\u00e8rement en France et \u00e0 l\u2019\u00e9tranger pour donner des stages et \u00e9valuer des comp\u00e9titions. J\u00e9r\u00e9my commence une formation pluridisciplinaire.<\/p><p>En 2010 il int\u00e8gre la compagnie Blanca li, pour la cr\u00e9ation du spectacle \u00ab Electro Kif \u00bb, succ\u00e8s international de plus de 100 repr\u00e9sentations.<\/p><p>De 2013 \u00e0 2015, il rejoint le Ballet Junior de Gen\u00e8ve, o\u00f9 il se forme davantage et a notamment l\u2019opportunit\u00e9 de jouer des pi\u00e8ces de chor\u00e9graphes tels qu\u2019Hofesh Shechter, Wayne McGregor, Stijn Celis, Barak Marshall, Roy Assaf, Cindy Van Acker \u2026<\/p><p>De 2015 \u00e0 2017, il int\u00e8gre la compagnie Inbal Pinto &amp; Avshalom Pollak, bas\u00e9e \u00e0 Tel-Aviv. Il participe \u00e0 six pi\u00e8ces et deux cr\u00e9ations.<br \/>De 2017 \u00e0 2020, J\u00e9r\u00e9my a danse dans la compagnie Isra\u00e9lienne Vertigo Dance Company, quatre pi\u00e8ces et une cr\u00e9ation.<br \/>Parall\u00e8lement, J\u00e9r\u00e9my collabore avec Roy Assaf sur deux reprises de r\u00f4le pour les pi\u00e8ces \u00ab\u00a0Boys\u00a0\u00bb et \u00ab\u00a0The Hill\u00a0\u00bb.<br \/>En 2020, il est invit\u00e9 par \u00ab Adi Boutrous \u00bb, en co-production avec le Th\u00e9\u00e2tre de La Ville de Paris et la Fabrik Potsdam afin de cr\u00e9er la pi\u00e8ce \u00ab One More Thing \u00bb. il est l\u2019un des danseurs du quatuor masculin pour cette pi\u00e8ce qui est actuellement en tourn\u00e9e internationale.<br \/>J\u00e9r\u00e9my a cr\u00e9\u00e9 en 2019 son premier solo \u00ab\u00a0+10\u00a0\u00bb en hommage \u00e0 son p\u00e8re. La pi\u00e8ce est invit\u00e9e dans divers festivals internationaux, et a notamment remport\u00e9 le \u00ab Prix d\u2019Assistant \u00bb par le Heidelberg Theater lors de la 25\u00e8me \u00e9dition du Festival de solos \u00e0 Stuttgart.<br \/>En 2021, il cr\u00e9e \u201cLe temps d\u2019une Valse\u201d pour Le \u00ab\u00a0Jeune Ballet d\u2019Aquitaine\u00a0\u00bb \u00e0 Bordeaux, et la pi\u00e8ce \u201cAgap\u00e9\u201d pour \u201cLa Fabrik\u201d \u00e0 Paris.<br \/>Il a b\u00e9n\u00e9fici\u00e9 d\u2019une r\u00e9sidence \u00e0 la M\u00e9nagerie de verre pour sa derni\u00e8re cr\u00e9ation, NOAM, pr\u00e9sent\u00e9e notamment \u00e0 Gen\u00e8ve en juin 2022.<\/p><p>\u00a0<\/p><div><h5>\u00a0<\/h5><\/div>\t\t\t\t\t<\/div>\n\t\t\t\t\t\t<\/div>\n\t\t\t\t<\/div>\n\t\t\t\t\t\t<\/div>\n\t\t\t\t\t<\/div>\n\t\t<\/div>\n\t\t\t\t<div class=\"elementor-column elementor-col-50 elementor-top-column elementor-element elementor-element-a86bdf6 elementor-sm-100\" data-id=\"a86bdf6\" data-element_type=\"column\">\n\t\t\t<div class=\"elementor-column-wrap elementor-element-populated\">\n\t\t\t\t\t\t\t<div class=\"elementor-widget-wrap\">\n\t\t\t\t\t\t<div class=\"elementor-element elementor-element-48adb15 gallery-spacing-custom elementor-hidden-phone elementor-invisible elementor-widget elementor-widget-image-gallery\" data-id=\"48adb15\" data-element_type=\"widget\" data-settings=\"{&quot;_animation&quot;:&quot;fadeInRight&quot;}\" data-widget_type=\"image-gallery.default\">\n\t\t\t\t<div class=\"elementor-widget-container\">\n\t\t\t\t\t<div class=\"elementor-image-gallery\">\n\t\t\t<div id='gallery-1' class='gallery galleryid-4082 gallery-columns-1 gallery-size-medium_large'><figure class='gallery-item'>\n\t\t\t<div class='gallery-icon portrait'>\n\t\t\t\t<img loading=\"lazy\" decoding=\"async\" width=\"497\" height=\"526\" src=\"https:\/\/mansledanse.com\/wp-content\/uploads\/2026\/04\/Screenshot_20260408_135939_Chrome-1.jpg\" class=\"attachment-medium_large size-medium_large\" alt=\"\" srcset=\"https:\/\/mansledanse.com\/wp-content\/uploads\/2026\/04\/Screenshot_20260408_135939_Chrome-1.jpg 497w, https:\/\/mansledanse.com\/wp-content\/uploads\/2026\/04\/Screenshot_20260408_135939_Chrome-1-283x300.jpg 283w\" sizes=\"auto, (max-width: 497px) 100vw, 497px\" \/>\n\t\t\t<\/div><\/figure>\n\t\t<\/div>\n\t\t<\/div>\n\t\t\t\t<\/div>\n\t\t\t\t<\/div>\n\t\t\t\t<div class=\"elementor-element elementor-element-d2055ab elementor-align-left elementor-mobile-align-center elementor-widget elementor-widget-button\" data-id=\"d2055ab\" data-element_type=\"widget\" data-widget_type=\"button.default\">\n\t\t\t\t<div class=\"elementor-widget-container\">\n\t\t\t\t\t<div class=\"elementor-button-wrapper\">\n\t\t\t<a href=\"http:\/\/mansledanse.com\/index.php\/professeurs\/\" class=\"elementor-button-link elementor-button elementor-size-xs elementor-animation-pop\" role=\"button\">\n\t\t\t\t\t\t<span class=\"elementor-button-content-wrapper\">\n\t\t\t\t\t\t<span class=\"elementor-button-icon elementor-align-icon-right\">\n\t\t\t\t<i aria-hidden=\"true\" class=\"fas fa-long-arrow-alt-right\"><\/i>\t\t\t<\/span>\n\t\t\t\t\t\t<span class=\"elementor-button-text\">Autres professeurs<\/span>\n\t\t<\/span>\n\t\t\t\t\t<\/a>\n\t\t<\/div>\n\t\t\t\t<\/div>\n\t\t\t\t<\/div>\n\t\t\t\t\t\t<\/div>\n\t\t\t\t\t<\/div>\n\t\t<\/div>\n\t\t\t\t\t\t\t\t<\/div>\n\t\t\t\t\t<\/div>\n\t\t<\/section>\n\t\t\t\t<section class=\"elementor-section elementor-top-section elementor-element elementor-element-8cd7634 elementor-section-boxed elementor-section-height-default elementor-section-height-default\" data-id=\"8cd7634\" data-element_type=\"section\">\n\t\t\t\t\t\t<div class=\"elementor-container elementor-column-gap-default\">\n\t\t\t\t\t\t\t<div class=\"elementor-row\">\n\t\t\t\t\t<div class=\"elementor-column elementor-col-50 elementor-top-column elementor-element elementor-element-e14c597\" data-id=\"e14c597\" data-element_type=\"column\">\n\t\t\t<div class=\"elementor-column-wrap elementor-element-populated\">\n\t\t\t\t\t\t\t<div class=\"elementor-widget-wrap\">\n\t\t\t\t\t\t<div class=\"elementor-element elementor-element-0226dd8 elementor-aspect-ratio-169 elementor-widget elementor-widget-video\" data-id=\"0226dd8\" data-element_type=\"widget\" data-settings=\"{&quot;youtube_url&quot;:&quot;https:\\\/\\\/www.youtube.com\\\/watch?v=eE9E6ZBXegc&quot;,&quot;video_type&quot;:&quot;youtube&quot;,&quot;controls&quot;:&quot;yes&quot;,&quot;aspect_ratio&quot;:&quot;169&quot;}\" data-widget_type=\"video.default\">\n\t\t\t\t<div class=\"elementor-widget-container\">\n\t\t\t\t\t<div class=\"elementor-wrapper elementor-fit-aspect-ratio elementor-open-inline\">\n\t\t\t<div class=\"elementor-video\"><\/div>\t\t<\/div>\n\t\t\t\t<\/div>\n\t\t\t\t<\/div>\n\t\t\t\t\t\t<\/div>\n\t\t\t\t\t<\/div>\n\t\t<\/div>\n\t\t\t\t<div class=\"elementor-column elementor-col-50 elementor-top-column elementor-element elementor-element-9cfce07\" data-id=\"9cfce07\" data-element_type=\"column\">\n\t\t\t<div class=\"elementor-column-wrap elementor-element-populated\">\n\t\t\t\t\t\t\t<div class=\"elementor-widget-wrap\">\n\t\t\t\t\t\t<div class=\"elementor-element elementor-element-6dfdb32 elementor-aspect-ratio-169 elementor-widget elementor-widget-video\" data-id=\"6dfdb32\" data-element_type=\"widget\" data-settings=\"{&quot;youtube_url&quot;:&quot;https:\\\/\\\/www.youtube.com\\\/watch?v=nwgCtyZN0qI&quot;,&quot;video_type&quot;:&quot;youtube&quot;,&quot;controls&quot;:&quot;yes&quot;,&quot;aspect_ratio&quot;:&quot;169&quot;}\" data-widget_type=\"video.default\">\n\t\t\t\t<div class=\"elementor-widget-container\">\n\t\t\t\t\t<div class=\"elementor-wrapper elementor-fit-aspect-ratio elementor-open-inline\">\n\t\t\t<div class=\"elementor-video\"><\/div>\t\t<\/div>\n\t\t\t\t<\/div>\n\t\t\t\t<\/div>\n\t\t\t\t\t\t<\/div>\n\t\t\t\t\t<\/div>\n\t\t<\/div>\n\t\t\t\t\t\t\t\t<\/div>\n\t\t\t\t\t<\/div>\n\t\t<\/section>\n\t\t\t\t\t\t<\/div>\n\t\t\t\t\t\t<\/div>\n\t\t\t\t\t<\/div>\n\t\t","protected":false},"excerpt":{"rendered":"<p>J\u00e9r\u00e9myAlberge contemporain J\u00e9r\u00e9my commence \u00e0 s\u2019int\u00e9resser \u00e0 la danse en 2007 et se d\u00e9couvre une passion grandissante pour la \u00ab Danse electro \u00bb jusqu\u2019\u00e0 en gagner le championnat de France en 2009. Suite \u00e0 cet \u00e9v\u00e9nement, il est appel\u00e9 r\u00e9guli\u00e8rement en France et \u00e0 l\u2019\u00e9tranger pour donner des stages et \u00e9valuer des comp\u00e9titions. J\u00e9r\u00e9my commence [&hellip;]<\/p>\n","protected":false},"author":1,"featured_media":0,"parent":0,"menu_order":0,"comment_status":"closed","ping_status":"closed","template":"","meta":{"footnotes":""},"class_list":["post-4082","page","type-page","status-publish","hentry","entry"],"yoast_head":"<!-- This site is optimized with the Yoast SEO plugin v24.9 - https:\/\/yoast.com\/wordpress\/plugins\/seo\/ -->\n<title>Jeremy Alberge - Mansle Danse Association - Stage &amp; Cours de danse<\/title>\n<meta name=\"robots\" content=\"index, follow, max-snippet:-1, max-image-preview:large, max-video-preview:-1\" \/>\n<link rel=\"canonical\" href=\"https:\/\/mansledanse.com\/index.php\/jeremy-alberge\/\" \/>\n<meta property=\"og:locale\" content=\"fr_FR\" \/>\n<meta property=\"og:type\" content=\"article\" \/>\n<meta property=\"og:title\" content=\"Jeremy Alberge - Mansle Danse Association - Stage &amp; Cours de danse\" \/>\n<meta property=\"og:description\" content=\"J\u00e9r\u00e9myAlberge contemporain J\u00e9r\u00e9my commence \u00e0 s\u2019int\u00e9resser \u00e0 la danse en 2007 et se d\u00e9couvre une passion grandissante pour la \u00ab Danse electro \u00bb jusqu\u2019\u00e0 en gagner le championnat de France en 2009. Suite \u00e0 cet \u00e9v\u00e9nement, il est appel\u00e9 r\u00e9guli\u00e8rement en France et \u00e0 l\u2019\u00e9tranger pour donner des stages et \u00e9valuer des comp\u00e9titions. J\u00e9r\u00e9my commence [&hellip;]\" \/>\n<meta property=\"og:url\" content=\"https:\/\/mansledanse.com\/index.php\/jeremy-alberge\/\" \/>\n<meta property=\"og:site_name\" content=\"Mansle Danse Association - Stage &amp; Cours de danse\" \/>\n<meta property=\"article:publisher\" content=\"https:\/\/www.facebook.com\/MansleDanseAssociation?locale=fr_FR\" \/>\n<meta property=\"article:modified_time\" content=\"2026-04-15T13:40:11+00:00\" \/>\n<meta property=\"og:image\" content=\"https:\/\/mansledanse.com\/wp-content\/uploads\/2026\/04\/Screenshot_20260408_135939_Chrome-1.jpg\" \/>\n<meta name=\"twitter:card\" content=\"summary_large_image\" \/>\n<meta name=\"twitter:label1\" content=\"Dur\u00e9e de lecture estim\u00e9e\" \/>\n\t<meta name=\"twitter:data1\" content=\"2 minutes\" \/>\n<script type=\"application\/ld+json\" class=\"yoast-schema-graph\">{\"@context\":\"https:\/\/schema.org\",\"@graph\":[{\"@type\":\"WebPage\",\"@id\":\"https:\/\/mansledanse.com\/index.php\/jeremy-alberge\/\",\"url\":\"https:\/\/mansledanse.com\/index.php\/jeremy-alberge\/\",\"name\":\"Jeremy Alberge - Mansle Danse Association - Stage &amp; Cours de danse\",\"isPartOf\":{\"@id\":\"https:\/\/mansledanse.com\/#website\"},\"primaryImageOfPage\":{\"@id\":\"https:\/\/mansledanse.com\/index.php\/jeremy-alberge\/#primaryimage\"},\"image\":{\"@id\":\"https:\/\/mansledanse.com\/index.php\/jeremy-alberge\/#primaryimage\"},\"thumbnailUrl\":\"https:\/\/mansledanse.com\/wp-content\/uploads\/2026\/04\/Screenshot_20260408_135939_Chrome-1.jpg\",\"datePublished\":\"2026-04-12T16:23:09+00:00\",\"dateModified\":\"2026-04-15T13:40:11+00:00\",\"breadcrumb\":{\"@id\":\"https:\/\/mansledanse.com\/index.php\/jeremy-alberge\/#breadcrumb\"},\"inLanguage\":\"fr-FR\",\"potentialAction\":[{\"@type\":\"ReadAction\",\"target\":[\"https:\/\/mansledanse.com\/index.php\/jeremy-alberge\/\"]}]},{\"@type\":\"ImageObject\",\"inLanguage\":\"fr-FR\",\"@id\":\"https:\/\/mansledanse.com\/index.php\/jeremy-alberge\/#primaryimage\",\"url\":\"https:\/\/mansledanse.com\/wp-content\/uploads\/2026\/04\/Screenshot_20260408_135939_Chrome-1.jpg\",\"contentUrl\":\"https:\/\/mansledanse.com\/wp-content\/uploads\/2026\/04\/Screenshot_20260408_135939_Chrome-1.jpg\",\"width\":497,\"height\":526},{\"@type\":\"BreadcrumbList\",\"@id\":\"https:\/\/mansledanse.com\/index.php\/jeremy-alberge\/#breadcrumb\",\"itemListElement\":[{\"@type\":\"ListItem\",\"position\":1,\"name\":\"Accueil\",\"item\":\"https:\/\/mansledanse.com\/\"},{\"@type\":\"ListItem\",\"position\":2,\"name\":\"Jeremy Alberge\"}]},{\"@type\":\"WebSite\",\"@id\":\"https:\/\/mansledanse.com\/#website\",\"url\":\"https:\/\/mansledanse.com\/\",\"name\":\"Mansle Danse Association - Stage & Cours de danse\",\"description\":\"\",\"publisher\":{\"@id\":\"https:\/\/mansledanse.com\/#organization\"},\"potentialAction\":[{\"@type\":\"SearchAction\",\"target\":{\"@type\":\"EntryPoint\",\"urlTemplate\":\"https:\/\/mansledanse.com\/?s={search_term_string}\"},\"query-input\":{\"@type\":\"PropertyValueSpecification\",\"valueRequired\":true,\"valueName\":\"search_term_string\"}}],\"inLanguage\":\"fr-FR\"},{\"@type\":\"Organization\",\"@id\":\"https:\/\/mansledanse.com\/#organization\",\"name\":\"Mansle Danse Association - Stage & Cours\",\"url\":\"https:\/\/mansledanse.com\/\",\"logo\":{\"@type\":\"ImageObject\",\"inLanguage\":\"fr-FR\",\"@id\":\"https:\/\/mansledanse.com\/#\/schema\/logo\/image\/\",\"url\":\"https:\/\/mansledanse.com\/wp-content\/uploads\/2020\/08\/cropped-MDAlogo.png\",\"contentUrl\":\"https:\/\/mansledanse.com\/wp-content\/uploads\/2020\/08\/cropped-MDAlogo.png\",\"width\":367,\"height\":100,\"caption\":\"Mansle Danse Association - Stage & Cours\"},\"image\":{\"@id\":\"https:\/\/mansledanse.com\/#\/schema\/logo\/image\/\"},\"sameAs\":[\"https:\/\/www.facebook.com\/MansleDanseAssociation?locale=fr_FR\",\"https:\/\/www.instagram.com\/stagededansedemansle\/\"]}]}<\/script>\n<!-- \/ Yoast SEO plugin. -->","yoast_head_json":{"title":"Jeremy Alberge - Mansle Danse Association - Stage &amp; Cours de danse","robots":{"index":"index","follow":"follow","max-snippet":"max-snippet:-1","max-image-preview":"max-image-preview:large","max-video-preview":"max-video-preview:-1"},"canonical":"https:\/\/mansledanse.com\/index.php\/jeremy-alberge\/","og_locale":"fr_FR","og_type":"article","og_title":"Jeremy Alberge - Mansle Danse Association - Stage &amp; Cours de danse","og_description":"J\u00e9r\u00e9myAlberge contemporain J\u00e9r\u00e9my commence \u00e0 s\u2019int\u00e9resser \u00e0 la danse en 2007 et se d\u00e9couvre une passion grandissante pour la \u00ab Danse electro \u00bb jusqu\u2019\u00e0 en gagner le championnat de France en 2009. Suite \u00e0 cet \u00e9v\u00e9nement, il est appel\u00e9 r\u00e9guli\u00e8rement en France et \u00e0 l\u2019\u00e9tranger pour donner des stages et \u00e9valuer des comp\u00e9titions. J\u00e9r\u00e9my commence [&hellip;]","og_url":"https:\/\/mansledanse.com\/index.php\/jeremy-alberge\/","og_site_name":"Mansle Danse Association - Stage &amp; Cours de danse","article_publisher":"https:\/\/www.facebook.com\/MansleDanseAssociation?locale=fr_FR","article_modified_time":"2026-04-15T13:40:11+00:00","og_image":[{"url":"https:\/\/mansledanse.com\/wp-content\/uploads\/2026\/04\/Screenshot_20260408_135939_Chrome-1.jpg","type":"","width":"","height":""}],"twitter_card":"summary_large_image","twitter_misc":{"Dur\u00e9e de lecture estim\u00e9e":"2 minutes"},"schema":{"@context":"https:\/\/schema.org","@graph":[{"@type":"WebPage","@id":"https:\/\/mansledanse.com\/index.php\/jeremy-alberge\/","url":"https:\/\/mansledanse.com\/index.php\/jeremy-alberge\/","name":"Jeremy Alberge - Mansle Danse Association - Stage &amp; Cours de danse","isPartOf":{"@id":"https:\/\/mansledanse.com\/#website"},"primaryImageOfPage":{"@id":"https:\/\/mansledanse.com\/index.php\/jeremy-alberge\/#primaryimage"},"image":{"@id":"https:\/\/mansledanse.com\/index.php\/jeremy-alberge\/#primaryimage"},"thumbnailUrl":"https:\/\/mansledanse.com\/wp-content\/uploads\/2026\/04\/Screenshot_20260408_135939_Chrome-1.jpg","datePublished":"2026-04-12T16:23:09+00:00","dateModified":"2026-04-15T13:40:11+00:00","breadcrumb":{"@id":"https:\/\/mansledanse.com\/index.php\/jeremy-alberge\/#breadcrumb"},"inLanguage":"fr-FR","potentialAction":[{"@type":"ReadAction","target":["https:\/\/mansledanse.com\/index.php\/jeremy-alberge\/"]}]},{"@type":"ImageObject","inLanguage":"fr-FR","@id":"https:\/\/mansledanse.com\/index.php\/jeremy-alberge\/#primaryimage","url":"https:\/\/mansledanse.com\/wp-content\/uploads\/2026\/04\/Screenshot_20260408_135939_Chrome-1.jpg","contentUrl":"https:\/\/mansledanse.com\/wp-content\/uploads\/2026\/04\/Screenshot_20260408_135939_Chrome-1.jpg","width":497,"height":526},{"@type":"BreadcrumbList","@id":"https:\/\/mansledanse.com\/index.php\/jeremy-alberge\/#breadcrumb","itemListElement":[{"@type":"ListItem","position":1,"name":"Accueil","item":"https:\/\/mansledanse.com\/"},{"@type":"ListItem","position":2,"name":"Jeremy Alberge"}]},{"@type":"WebSite","@id":"https:\/\/mansledanse.com\/#website","url":"https:\/\/mansledanse.com\/","name":"Mansle Danse Association - Stage & Cours de danse","description":"","publisher":{"@id":"https:\/\/mansledanse.com\/#organization"},"potentialAction":[{"@type":"SearchAction","target":{"@type":"EntryPoint","urlTemplate":"https:\/\/mansledanse.com\/?s={search_term_string}"},"query-input":{"@type":"PropertyValueSpecification","valueRequired":true,"valueName":"search_term_string"}}],"inLanguage":"fr-FR"},{"@type":"Organization","@id":"https:\/\/mansledanse.com\/#organization","name":"Mansle Danse Association - Stage & Cours","url":"https:\/\/mansledanse.com\/","logo":{"@type":"ImageObject","inLanguage":"fr-FR","@id":"https:\/\/mansledanse.com\/#\/schema\/logo\/image\/","url":"https:\/\/mansledanse.com\/wp-content\/uploads\/2020\/08\/cropped-MDAlogo.png","contentUrl":"https:\/\/mansledanse.com\/wp-content\/uploads\/2020\/08\/cropped-MDAlogo.png","width":367,"height":100,"caption":"Mansle Danse Association - Stage & Cours"},"image":{"@id":"https:\/\/mansledanse.com\/#\/schema\/logo\/image\/"},"sameAs":["https:\/\/www.facebook.com\/MansleDanseAssociation?locale=fr_FR","https:\/\/www.instagram.com\/stagededansedemansle\/"]}]}},"_links":{"self":[{"href":"https:\/\/mansledanse.com\/index.php\/wp-json\/wp\/v2\/pages\/4082","targetHints":{"allow":["GET"]}}],"collection":[{"href":"https:\/\/mansledanse.com\/index.php\/wp-json\/wp\/v2\/pages"}],"about":[{"href":"https:\/\/mansledanse.com\/index.php\/wp-json\/wp\/v2\/types\/page"}],"author":[{"embeddable":true,"href":"https:\/\/mansledanse.com\/index.php\/wp-json\/wp\/v2\/users\/1"}],"replies":[{"embeddable":true,"href":"https:\/\/mansledanse.com\/index.php\/wp-json\/wp\/v2\/comments?post=4082"}],"version-history":[{"count":16,"href":"https:\/\/mansledanse.com\/index.php\/wp-json\/wp\/v2\/pages\/4082\/revisions"}],"predecessor-version":[{"id":4127,"href":"https:\/\/mansledanse.com\/index.php\/wp-json\/wp\/v2\/pages\/4082\/revisions\/4127"}],"wp:attachment":[{"href":"https:\/\/mansledanse.com\/index.php\/wp-json\/wp\/v2\/media?parent=4082"}],"curies":[{"name":"wp","href":"https:\/\/api.w.org\/{rel}","templated":true}]}}