{"id":48,"date":"2020-08-13T16:59:03","date_gmt":"2020-08-13T14:59:03","guid":{"rendered":"http:\/\/mansledanse.com\/?page_id=48"},"modified":"2026-04-14T10:46:27","modified_gmt":"2026-04-14T08:46:27","slug":"inscriptions","status":"publish","type":"page","link":"https:\/\/mansledanse.com\/index.php\/inscriptions\/","title":{"rendered":"Inscriptions"},"content":{"rendered":"\t\t<div data-elementor-type=\"wp-page\" data-elementor-id=\"48\" class=\"elementor elementor-48\" data-elementor-settings=\"[]\">\n\t\t\t\t\t\t<div class=\"elementor-inner\">\n\t\t\t\t\t\t\t<div class=\"elementor-section-wrap\">\n\t\t\t\t\t\t\t<section class=\"elementor-section elementor-top-section elementor-element elementor-element-6f9fa9da elementor-section-boxed elementor-section-height-default elementor-section-height-default\" data-id=\"6f9fa9da\" data-element_type=\"section\" data-settings=\"{&quot;background_background&quot;:&quot;classic&quot;}\">\n\t\t\t\t\t\t<div class=\"elementor-container elementor-column-gap-no\">\n\t\t\t\t\t\t\t<div class=\"elementor-row\">\n\t\t\t\t\t<div class=\"elementor-column elementor-col-100 elementor-top-column elementor-element elementor-element-8974258\" data-id=\"8974258\" data-element_type=\"column\">\n\t\t\t<div class=\"elementor-column-wrap elementor-element-populated\">\n\t\t\t\t\t\t\t<div class=\"elementor-widget-wrap\">\n\t\t\t\t\t\t<section class=\"elementor-section elementor-inner-section elementor-element elementor-element-20943812 elementor-section-content-middle elementor-section-boxed elementor-section-height-default elementor-section-height-default\" data-id=\"20943812\" data-element_type=\"section\">\n\t\t\t\t\t\t<div class=\"elementor-container elementor-column-gap-no\">\n\t\t\t\t\t\t\t<div class=\"elementor-row\">\n\t\t\t\t\t<div class=\"elementor-column elementor-col-100 elementor-inner-column elementor-element elementor-element-7e0c6926\" data-id=\"7e0c6926\" data-element_type=\"column\" data-settings=\"{&quot;background_background&quot;:&quot;classic&quot;}\">\n\t\t\t<div class=\"elementor-column-wrap elementor-element-populated\">\n\t\t\t\t\t\t\t<div class=\"elementor-widget-wrap\">\n\t\t\t\t\t\t<div class=\"elementor-element elementor-element-2a3c0c51 elementor-widget elementor-widget-heading\" data-id=\"2a3c0c51\" data-element_type=\"widget\" data-widget_type=\"heading.default\">\n\t\t\t\t<div class=\"elementor-widget-container\">\n\t\t\t<h3 class=\"elementor-heading-title elementor-size-large\">Bulletin d'inscription<\/h3>\t\t<\/div>\n\t\t\t\t<\/div>\n\t\t\t\t<div class=\"elementor-element elementor-element-37d289e elementor-widget-divider--view-line elementor-widget elementor-widget-divider\" data-id=\"37d289e\" data-element_type=\"widget\" data-widget_type=\"divider.default\">\n\t\t\t\t<div class=\"elementor-widget-container\">\n\t\t\t\t\t<div class=\"elementor-divider\">\n\t\t\t<span class=\"elementor-divider-separator\">\n\t\t\t\t\t\t<\/span>\n\t\t<\/div>\n\t\t\t\t<\/div>\n\t\t\t\t<\/div>\n\t\t\t\t<div class=\"elementor-element elementor-element-6a84c27d elementor-widget elementor-widget-text-editor\" data-id=\"6a84c27d\" data-element_type=\"widget\" data-widget_type=\"text-editor.default\">\n\t\t\t\t<div class=\"elementor-widget-container\">\n\t\t\t\t\t\t\t\t<div class=\"elementor-text-editor elementor-clearfix\">\n\t\t\t\t\t<p>Le bulletin d&rsquo;inscription est compos\u00e9\u00a0<span style=\"font-size: 14px;\">de l\u2019inscription, de l&rsquo;autorisation parentale, du droit \u00e0 l&rsquo;image et du r\u00e8glement (dont cotisation).<\/span><\/p><p><strong>L&rsquo;inscription se fait uniquement par courrier postal :\u00a0<\/strong><\/p><p>Mansle Danse Association<br \/>H\u00e9l\u00e8ne Lavaud<br \/>2, rue de la Gadillou<br \/>16230 Nanclars<\/p>\t\t\t\t\t<\/div>\n\t\t\t\t\t\t<\/div>\n\t\t\t\t<\/div>\n\t\t\t\t<div class=\"elementor-element elementor-element-bffa7a3 elementor-widget elementor-widget-button\" data-id=\"bffa7a3\" data-element_type=\"widget\" data-widget_type=\"button.default\">\n\t\t\t\t<div class=\"elementor-widget-container\">\n\t\t\t\t\t<div class=\"elementor-button-wrapper\">\n\t\t\t<a href=\"https:\/\/mansledanse.com\/wp-content\/uploads\/2026\/04\/Bulletin-dinscription-2.pdf\" target=\"_blank\" class=\"elementor-button-link elementor-button elementor-size-sm\" role=\"button\">\n\t\t\t\t\t\t<span class=\"elementor-button-content-wrapper\">\n\t\t\t\t\t\t<span class=\"elementor-button-text\">Bulletin d'inscription 2026<\/span>\n\t\t<\/span>\n\t\t\t\t\t<\/a>\n\t\t<\/div>\n\t\t\t\t<\/div>\n\t\t\t\t<\/div>\n\t\t\t\t<div class=\"elementor-element elementor-element-fd30172 elementor-widget elementor-widget-text-editor\" data-id=\"fd30172\" data-element_type=\"widget\" data-widget_type=\"text-editor.default\">\n\t\t\t\t<div class=\"elementor-widget-container\">\n\t\t\t\t\t\t\t\t<div class=\"elementor-text-editor elementor-clearfix\">\n\t\t\t\t\t\t\t\t\t\t<\/div>\n\t\t\t\t\t\t<\/div>\n\t\t\t\t<\/div>\n\t\t\t\t\t\t<\/div>\n\t\t\t\t\t<\/div>\n\t\t<\/div>\n\t\t\t\t\t\t\t\t<\/div>\n\t\t\t\t\t<\/div>\n\t\t<\/section>\n\t\t\t\t<section class=\"elementor-section elementor-inner-section elementor-element elementor-element-5e081ead elementor-section-content-middle elementor-reverse-mobile elementor-section-boxed elementor-section-height-default elementor-section-height-default\" data-id=\"5e081ead\" data-element_type=\"section\">\n\t\t\t\t\t\t<div class=\"elementor-container elementor-column-gap-no\">\n\t\t\t\t\t\t\t<div class=\"elementor-row\">\n\t\t\t\t\t<div class=\"elementor-column elementor-col-100 elementor-inner-column elementor-element elementor-element-977e45f\" data-id=\"977e45f\" data-element_type=\"column\" data-settings=\"{&quot;background_background&quot;:&quot;classic&quot;}\">\n\t\t\t<div class=\"elementor-column-wrap elementor-element-populated\">\n\t\t\t\t\t\t\t<div class=\"elementor-widget-wrap\">\n\t\t\t\t\t\t<div class=\"elementor-element elementor-element-df5132a elementor-widget elementor-widget-heading\" data-id=\"df5132a\" data-element_type=\"widget\" data-widget_type=\"heading.default\">\n\t\t\t\t<div class=\"elementor-widget-container\">\n\t\t\t<h3 class=\"elementor-heading-title elementor-size-large\">Tarifs 2026<\/h3>\t\t<\/div>\n\t\t\t\t<\/div>\n\t\t\t\t<div class=\"elementor-element elementor-element-6405550 elementor-widget-divider--view-line elementor-widget elementor-widget-divider\" data-id=\"6405550\" data-element_type=\"widget\" data-widget_type=\"divider.default\">\n\t\t\t\t<div class=\"elementor-widget-container\">\n\t\t\t\t\t<div class=\"elementor-divider\">\n\t\t\t<span class=\"elementor-divider-separator\">\n\t\t\t\t\t\t<\/span>\n\t\t<\/div>\n\t\t\t\t<\/div>\n\t\t\t\t<\/div>\n\t\t\t\t<div class=\"elementor-element elementor-element-6d5911a elementor-widget elementor-widget-text-editor\" data-id=\"6d5911a\" data-element_type=\"widget\" data-widget_type=\"text-editor.default\">\n\t\t\t\t<div class=\"elementor-widget-container\">\n\t\t\t\t\t\t\t\t<div class=\"elementor-text-editor elementor-clearfix\">\n\t\t\t\t\t<p><strong>365 \u20ac &#8212;<\/strong> Cours + 2 repas + petit-d\u00e9jeuner (pour les mineurs h\u00e9berg\u00e9s par la Mairie)<br \/><strong>350 \u20ac &#8212;<\/strong> Cours + 2 repas<br \/><strong>300 \u20ac &#8212;<\/strong> Cours + repas de midi<br \/><strong>250 \u20ac &#8212;<\/strong> Cours seuls illimit\u00e9s<br \/><strong>70 \u20ac &#8212;<\/strong> Une journ\u00e9e (cours seuls)<br \/><strong>60 \u20ac &#8212;<\/strong> Carnet de repas 6 tickets<br \/><strong>30 \u20ac &#8212;<\/strong> 1 Cours<\/p>\t\t\t\t\t<\/div>\n\t\t\t\t\t\t<\/div>\n\t\t\t\t<\/div>\n\t\t\t\t\t\t<\/div>\n\t\t\t\t\t<\/div>\n\t\t<\/div>\n\t\t\t\t\t\t\t\t<\/div>\n\t\t\t\t\t<\/div>\n\t\t<\/section>\n\t\t\t\t<section class=\"elementor-section elementor-inner-section elementor-element elementor-element-4bbc598 elementor-section-content-middle elementor-reverse-mobile elementor-section-boxed elementor-section-height-default elementor-section-height-default\" data-id=\"4bbc598\" data-element_type=\"section\">\n\t\t\t\t\t\t<div class=\"elementor-container elementor-column-gap-no\">\n\t\t\t\t\t\t\t<div class=\"elementor-row\">\n\t\t\t\t\t<div class=\"elementor-column elementor-col-100 elementor-inner-column elementor-element elementor-element-bde3385\" data-id=\"bde3385\" data-element_type=\"column\" data-settings=\"{&quot;background_background&quot;:&quot;classic&quot;}\">\n\t\t\t<div class=\"elementor-column-wrap elementor-element-populated\">\n\t\t\t\t\t\t\t<div class=\"elementor-widget-wrap\">\n\t\t\t\t\t\t<div class=\"elementor-element elementor-element-2fe9b7e elementor-widget elementor-widget-heading\" data-id=\"2fe9b7e\" data-element_type=\"widget\" data-widget_type=\"heading.default\">\n\t\t\t\t<div class=\"elementor-widget-container\">\n\t\t\t<h3 class=\"elementor-heading-title elementor-size-large\">Enfants <font size=\"2pt\"> (8-11 Ans R\u00e9volus)<\/font> <\/h3>\t\t<\/div>\n\t\t\t\t<\/div>\n\t\t\t\t<div class=\"elementor-element elementor-element-2c339cd elementor-widget-divider--view-line elementor-widget elementor-widget-divider\" data-id=\"2c339cd\" data-element_type=\"widget\" data-widget_type=\"divider.default\">\n\t\t\t\t<div class=\"elementor-widget-container\">\n\t\t\t\t\t<div class=\"elementor-divider\">\n\t\t\t<span class=\"elementor-divider-separator\">\n\t\t\t\t\t\t<\/span>\n\t\t<\/div>\n\t\t\t\t<\/div>\n\t\t\t\t<\/div>\n\t\t\t\t<div class=\"elementor-element elementor-element-0f2e75f elementor-widget elementor-widget-text-editor\" data-id=\"0f2e75f\" data-element_type=\"widget\" data-widget_type=\"text-editor.default\">\n\t\t\t\t<div class=\"elementor-widget-container\">\n\t\t\t\t\t\t\t\t<div class=\"elementor-text-editor elementor-clearfix\">\n\t\t\t\t\t<p style=\"text-align: left;\"><strong>275 \u20ac &#8212;<\/strong> Cours + 2 repas + petit-d\u00e9jeuner (pour les mineurs h\u00e9berg\u00e9s par la Mairie)<br \/><strong>260 \u20ac &#8212;<\/strong> Cours + 2 repas<br \/><strong>210 \u20ac &#8212;<\/strong> Cours + repas de midi<br \/><strong>160 \u20ac &#8212;<\/strong> Cours seuls illimit\u00e9s<br \/><strong>45 \u20ac &#8212;<\/strong> Une journ\u00e9e (cours seuls)<\/p>\t\t\t\t\t<\/div>\n\t\t\t\t\t\t<\/div>\n\t\t\t\t<\/div>\n\t\t\t\t\t\t<\/div>\n\t\t\t\t\t<\/div>\n\t\t<\/div>\n\t\t\t\t\t\t\t\t<\/div>\n\t\t\t\t\t<\/div>\n\t\t<\/section>\n\t\t\t\t<section class=\"elementor-section elementor-inner-section elementor-element elementor-element-a177164 elementor-section-content-middle elementor-reverse-mobile elementor-section-boxed elementor-section-height-default elementor-section-height-default\" data-id=\"a177164\" data-element_type=\"section\">\n\t\t\t\t\t\t<div class=\"elementor-container elementor-column-gap-no\">\n\t\t\t\t\t\t\t<div class=\"elementor-row\">\n\t\t\t\t\t<div class=\"elementor-column elementor-col-100 elementor-inner-column elementor-element elementor-element-d0bcbe5\" data-id=\"d0bcbe5\" data-element_type=\"column\" data-settings=\"{&quot;background_background&quot;:&quot;classic&quot;}\">\n\t\t\t<div class=\"elementor-column-wrap elementor-element-populated\">\n\t\t\t\t\t\t\t<div class=\"elementor-widget-wrap\">\n\t\t\t\t\t\t<div class=\"elementor-element elementor-element-9218bfd elementor-widget elementor-widget-heading\" data-id=\"9218bfd\" data-element_type=\"widget\" data-widget_type=\"heading.default\">\n\t\t\t\t<div class=\"elementor-widget-container\">\n\t\t\t<h3 class=\"elementor-heading-title elementor-size-large\">OFFRE SP\u00c9CIALE<\/h3>\t\t<\/div>\n\t\t\t\t<\/div>\n\t\t\t\t<div class=\"elementor-element elementor-element-b4d466a elementor-widget-divider--view-line elementor-widget elementor-widget-divider\" data-id=\"b4d466a\" data-element_type=\"widget\" data-widget_type=\"divider.default\">\n\t\t\t\t<div class=\"elementor-widget-container\">\n\t\t\t\t\t<div class=\"elementor-divider\">\n\t\t\t<span class=\"elementor-divider-separator\">\n\t\t\t\t\t\t<\/span>\n\t\t<\/div>\n\t\t\t\t<\/div>\n\t\t\t\t<\/div>\n\t\t\t\t<div class=\"elementor-element elementor-element-109eeb8 elementor-widget elementor-widget-text-editor\" data-id=\"109eeb8\" data-element_type=\"widget\" data-widget_type=\"text-editor.default\">\n\t\t\t\t<div class=\"elementor-widget-container\">\n\t\t\t\t\t\t\t\t<div class=\"elementor-text-editor elementor-clearfix\">\n\t\t\t\t\t<p><strong>Tarifs de groupe :<\/strong> 7\u00e8me stage gratuit ( cours illimit\u00e9s), d&rsquo;une valeur de 250 euros <span style=\"font-size: 14px; color: var( --e-global-color-text );\">ou 12\u00e8me stage gratuit (cours illimit\u00e9s + repas midi et soir) d&rsquo;une valeur de 350 euros , envoi group\u00e9 uniquement\u00a0 (1 seul courrier). <br \/>Ces sommes peuvent aussi \u00eatre divis\u00e9es sur l&rsquo;ensemble du groupe.<\/span><\/p><p><strong>R\u00e9duction sur le forfait de votre choix pour les \u00e9tudiants 180 \u20ac* :<\/strong> <br \/>&#8211; de l&rsquo;Ecole de l&rsquo;Op\u00e9ra National de Paris<br \/>&#8211; du CNSMD de Lyon<br \/>&#8211; du CNSMD de Paris<br \/>&#8211; du PSPBB<br \/>&#8211; du CNDC d&rsquo;Angers<br \/>&#8211; de l&rsquo;Ecole Sup\u00e9rieure de danse Rosella Hightower<\/p><p>*cours illimit\u00e9s semaine enti\u00e8re uniquement<\/p><p>Les offres ne sont pas cumulables<\/p>\t\t\t\t\t<\/div>\n\t\t\t\t\t\t<\/div>\n\t\t\t\t<\/div>\n\t\t\t\t\t\t<\/div>\n\t\t\t\t\t<\/div>\n\t\t<\/div>\n\t\t\t\t\t\t\t\t<\/div>\n\t\t\t\t\t<\/div>\n\t\t<\/section>\n\t\t\t\t<section class=\"elementor-section elementor-inner-section elementor-element elementor-element-89f7850 elementor-section-content-middle elementor-reverse-mobile elementor-section-boxed elementor-section-height-default elementor-section-height-default\" data-id=\"89f7850\" data-element_type=\"section\" data-settings=\"{&quot;background_background&quot;:&quot;classic&quot;}\">\n\t\t\t\t\t\t<div class=\"elementor-container elementor-column-gap-no\">\n\t\t\t\t\t\t\t<div class=\"elementor-row\">\n\t\t\t\t\t<div class=\"elementor-column elementor-col-100 elementor-inner-column elementor-element elementor-element-f2b1c9a\" data-id=\"f2b1c9a\" data-element_type=\"column\" data-settings=\"{&quot;background_background&quot;:&quot;classic&quot;}\">\n\t\t\t<div class=\"elementor-column-wrap elementor-element-populated\">\n\t\t\t\t\t\t\t<div class=\"elementor-widget-wrap\">\n\t\t\t\t\t\t<div class=\"elementor-element elementor-element-7130406 elementor-widget elementor-widget-text-editor\" data-id=\"7130406\" data-element_type=\"widget\" data-widget_type=\"text-editor.default\">\n\t\t\t\t<div class=\"elementor-widget-container\">\n\t\t\t\t\t\t\t\t<div class=\"elementor-text-editor elementor-clearfix\">\n\t\t\t\t\t<p>L&rsquo;h\u00e9bergement n&rsquo;est pas compris dans les forfaits.<br \/>Pas de repas le samedi 18 Juillet au soir, pr\u00e9voir le n\u00e9cessaire.<\/p><p><strong><span style=\"color: #000000;\">Cotisation obligatoire 10\u20ac<\/span><\/strong><br \/><span style=\"color: #000000;\">Coupons Sport et Ch\u00e8ques Vacances accept\u00e9s<\/span><br \/><span style=\"color: #000000;\">Aide de C.E.<br \/>Ces tarifs sont valables jusqu&rsquo;au 12 juillet 2026. <br \/><\/span><\/p><p><span style=\"color: #000000;\">Pour les forfaits avec repas, pass\u00e9 cette date, une majoration de 30% sera appliqu\u00e9e.<br \/><\/span><\/p>\t\t\t\t\t<\/div>\n\t\t\t\t\t\t<\/div>\n\t\t\t\t<\/div>\n\t\t\t\t\t\t<\/div>\n\t\t\t\t\t<\/div>\n\t\t<\/div>\n\t\t\t\t\t\t\t\t<\/div>\n\t\t\t\t\t<\/div>\n\t\t<\/section>\n\t\t\t\t\t\t<\/div>\n\t\t\t\t\t<\/div>\n\t\t<\/div>\n\t\t\t\t\t\t\t\t<\/div>\n\t\t\t\t\t<\/div>\n\t\t<\/section>\n\t\t\t\t\t\t<\/div>\n\t\t\t\t\t\t<\/div>\n\t\t\t\t\t<\/div>\n\t\t","protected":false},"excerpt":{"rendered":"<p>Bulletin d&rsquo;inscription Le bulletin d&rsquo;inscription est compos\u00e9\u00a0de l\u2019inscription, de l&rsquo;autorisation parentale, du droit \u00e0 l&rsquo;image et du r\u00e8glement (dont cotisation). L&rsquo;inscription se fait uniquement par courrier postal :\u00a0 Mansle Danse AssociationH\u00e9l\u00e8ne Lavaud2, rue de la Gadillou16230 Nanclars Bulletin d&rsquo;inscription 2026 Tarifs 2026 365 \u20ac &#8212; Cours + 2 repas + petit-d\u00e9jeuner (pour les mineurs h\u00e9berg\u00e9s [&hellip;]<\/p>\n","protected":false},"author":1,"featured_media":0,"parent":0,"menu_order":0,"comment_status":"closed","ping_status":"closed","template":"","meta":{"footnotes":""},"class_list":["post-48","page","type-page","status-publish","hentry","entry"],"yoast_head":"<!-- This site is optimized with the Yoast SEO plugin v24.9 - https:\/\/yoast.com\/wordpress\/plugins\/seo\/ -->\n<title>Inscriptions - Mansle Danse Association - Stage &amp; Cours de danse<\/title>\n<meta name=\"robots\" content=\"index, follow, max-snippet:-1, max-image-preview:large, max-video-preview:-1\" \/>\n<link rel=\"canonical\" href=\"https:\/\/mansledanse.com\/index.php\/inscriptions\/\" \/>\n<meta property=\"og:locale\" content=\"fr_FR\" \/>\n<meta property=\"og:type\" content=\"article\" \/>\n<meta property=\"og:title\" content=\"Inscriptions - Mansle Danse Association - Stage &amp; Cours de danse\" \/>\n<meta property=\"og:description\" content=\"Bulletin d&rsquo;inscription Le bulletin d&rsquo;inscription est compos\u00e9\u00a0de l\u2019inscription, de l&rsquo;autorisation parentale, du droit \u00e0 l&rsquo;image et du r\u00e8glement (dont cotisation). L&rsquo;inscription se fait uniquement par courrier postal :\u00a0 Mansle Danse AssociationH\u00e9l\u00e8ne Lavaud2, rue de la Gadillou16230 Nanclars Bulletin d&rsquo;inscription 2026 Tarifs 2026 365 \u20ac &#8212; Cours + 2 repas + petit-d\u00e9jeuner (pour les mineurs h\u00e9berg\u00e9s [&hellip;]\" \/>\n<meta property=\"og:url\" content=\"https:\/\/mansledanse.com\/index.php\/inscriptions\/\" \/>\n<meta property=\"og:site_name\" content=\"Mansle Danse Association - Stage &amp; Cours de danse\" \/>\n<meta property=\"article:publisher\" content=\"https:\/\/www.facebook.com\/MansleDanseAssociation?locale=fr_FR\" \/>\n<meta property=\"article:modified_time\" content=\"2026-04-14T08:46:27+00:00\" \/>\n<meta name=\"twitter:card\" content=\"summary_large_image\" \/>\n<meta name=\"twitter:label1\" content=\"Dur\u00e9e de lecture estim\u00e9e\" \/>\n\t<meta name=\"twitter:data1\" content=\"2 minutes\" \/>\n<script type=\"application\/ld+json\" class=\"yoast-schema-graph\">{\"@context\":\"https:\/\/schema.org\",\"@graph\":[{\"@type\":\"WebPage\",\"@id\":\"https:\/\/mansledanse.com\/index.php\/inscriptions\/\",\"url\":\"https:\/\/mansledanse.com\/index.php\/inscriptions\/\",\"name\":\"Inscriptions - Mansle Danse Association - Stage &amp; Cours de danse\",\"isPartOf\":{\"@id\":\"https:\/\/mansledanse.com\/#website\"},\"datePublished\":\"2020-08-13T14:59:03+00:00\",\"dateModified\":\"2026-04-14T08:46:27+00:00\",\"breadcrumb\":{\"@id\":\"https:\/\/mansledanse.com\/index.php\/inscriptions\/#breadcrumb\"},\"inLanguage\":\"fr-FR\",\"potentialAction\":[{\"@type\":\"ReadAction\",\"target\":[\"https:\/\/mansledanse.com\/index.php\/inscriptions\/\"]}]},{\"@type\":\"BreadcrumbList\",\"@id\":\"https:\/\/mansledanse.com\/index.php\/inscriptions\/#breadcrumb\",\"itemListElement\":[{\"@type\":\"ListItem\",\"position\":1,\"name\":\"Accueil\",\"item\":\"https:\/\/mansledanse.com\/\"},{\"@type\":\"ListItem\",\"position\":2,\"name\":\"Inscriptions\"}]},{\"@type\":\"WebSite\",\"@id\":\"https:\/\/mansledanse.com\/#website\",\"url\":\"https:\/\/mansledanse.com\/\",\"name\":\"Mansle Danse Association - Stage & Cours de danse\",\"description\":\"\",\"publisher\":{\"@id\":\"https:\/\/mansledanse.com\/#organization\"},\"potentialAction\":[{\"@type\":\"SearchAction\",\"target\":{\"@type\":\"EntryPoint\",\"urlTemplate\":\"https:\/\/mansledanse.com\/?s={search_term_string}\"},\"query-input\":{\"@type\":\"PropertyValueSpecification\",\"valueRequired\":true,\"valueName\":\"search_term_string\"}}],\"inLanguage\":\"fr-FR\"},{\"@type\":\"Organization\",\"@id\":\"https:\/\/mansledanse.com\/#organization\",\"name\":\"Mansle Danse Association - Stage & Cours\",\"url\":\"https:\/\/mansledanse.com\/\",\"logo\":{\"@type\":\"ImageObject\",\"inLanguage\":\"fr-FR\",\"@id\":\"https:\/\/mansledanse.com\/#\/schema\/logo\/image\/\",\"url\":\"https:\/\/mansledanse.com\/wp-content\/uploads\/2020\/08\/cropped-MDAlogo.png\",\"contentUrl\":\"https:\/\/mansledanse.com\/wp-content\/uploads\/2020\/08\/cropped-MDAlogo.png\",\"width\":367,\"height\":100,\"caption\":\"Mansle Danse Association - Stage & Cours\"},\"image\":{\"@id\":\"https:\/\/mansledanse.com\/#\/schema\/logo\/image\/\"},\"sameAs\":[\"https:\/\/www.facebook.com\/MansleDanseAssociation?locale=fr_FR\",\"https:\/\/www.instagram.com\/stagededansedemansle\/\"]}]}<\/script>\n<!-- \/ Yoast SEO plugin. -->","yoast_head_json":{"title":"Inscriptions - Mansle Danse Association - Stage &amp; Cours de danse","robots":{"index":"index","follow":"follow","max-snippet":"max-snippet:-1","max-image-preview":"max-image-preview:large","max-video-preview":"max-video-preview:-1"},"canonical":"https:\/\/mansledanse.com\/index.php\/inscriptions\/","og_locale":"fr_FR","og_type":"article","og_title":"Inscriptions - Mansle Danse Association - Stage &amp; Cours de danse","og_description":"Bulletin d&rsquo;inscription Le bulletin d&rsquo;inscription est compos\u00e9\u00a0de l\u2019inscription, de l&rsquo;autorisation parentale, du droit \u00e0 l&rsquo;image et du r\u00e8glement (dont cotisation). L&rsquo;inscription se fait uniquement par courrier postal :\u00a0 Mansle Danse AssociationH\u00e9l\u00e8ne Lavaud2, rue de la Gadillou16230 Nanclars Bulletin d&rsquo;inscription 2026 Tarifs 2026 365 \u20ac &#8212; Cours + 2 repas + petit-d\u00e9jeuner (pour les mineurs h\u00e9berg\u00e9s [&hellip;]","og_url":"https:\/\/mansledanse.com\/index.php\/inscriptions\/","og_site_name":"Mansle Danse Association - Stage &amp; Cours de danse","article_publisher":"https:\/\/www.facebook.com\/MansleDanseAssociation?locale=fr_FR","article_modified_time":"2026-04-14T08:46:27+00:00","twitter_card":"summary_large_image","twitter_misc":{"Dur\u00e9e de lecture estim\u00e9e":"2 minutes"},"schema":{"@context":"https:\/\/schema.org","@graph":[{"@type":"WebPage","@id":"https:\/\/mansledanse.com\/index.php\/inscriptions\/","url":"https:\/\/mansledanse.com\/index.php\/inscriptions\/","name":"Inscriptions - Mansle Danse Association - Stage &amp; Cours de danse","isPartOf":{"@id":"https:\/\/mansledanse.com\/#website"},"datePublished":"2020-08-13T14:59:03+00:00","dateModified":"2026-04-14T08:46:27+00:00","breadcrumb":{"@id":"https:\/\/mansledanse.com\/index.php\/inscriptions\/#breadcrumb"},"inLanguage":"fr-FR","potentialAction":[{"@type":"ReadAction","target":["https:\/\/mansledanse.com\/index.php\/inscriptions\/"]}]},{"@type":"BreadcrumbList","@id":"https:\/\/mansledanse.com\/index.php\/inscriptions\/#breadcrumb","itemListElement":[{"@type":"ListItem","position":1,"name":"Accueil","item":"https:\/\/mansledanse.com\/"},{"@type":"ListItem","position":2,"name":"Inscriptions"}]},{"@type":"WebSite","@id":"https:\/\/mansledanse.com\/#website","url":"https:\/\/mansledanse.com\/","name":"Mansle Danse Association - Stage & Cours de danse","description":"","publisher":{"@id":"https:\/\/mansledanse.com\/#organization"},"potentialAction":[{"@type":"SearchAction","target":{"@type":"EntryPoint","urlTemplate":"https:\/\/mansledanse.com\/?s={search_term_string}"},"query-input":{"@type":"PropertyValueSpecification","valueRequired":true,"valueName":"search_term_string"}}],"inLanguage":"fr-FR"},{"@type":"Organization","@id":"https:\/\/mansledanse.com\/#organization","name":"Mansle Danse Association - Stage & Cours","url":"https:\/\/mansledanse.com\/","logo":{"@type":"ImageObject","inLanguage":"fr-FR","@id":"https:\/\/mansledanse.com\/#\/schema\/logo\/image\/","url":"https:\/\/mansledanse.com\/wp-content\/uploads\/2020\/08\/cropped-MDAlogo.png","contentUrl":"https:\/\/mansledanse.com\/wp-content\/uploads\/2020\/08\/cropped-MDAlogo.png","width":367,"height":100,"caption":"Mansle Danse Association - Stage & Cours"},"image":{"@id":"https:\/\/mansledanse.com\/#\/schema\/logo\/image\/"},"sameAs":["https:\/\/www.facebook.com\/MansleDanseAssociation?locale=fr_FR","https:\/\/www.instagram.com\/stagededansedemansle\/"]}]}},"_links":{"self":[{"href":"https:\/\/mansledanse.com\/index.php\/wp-json\/wp\/v2\/pages\/48","targetHints":{"allow":["GET"]}}],"collection":[{"href":"https:\/\/mansledanse.com\/index.php\/wp-json\/wp\/v2\/pages"}],"about":[{"href":"https:\/\/mansledanse.com\/index.php\/wp-json\/wp\/v2\/types\/page"}],"author":[{"embeddable":true,"href":"https:\/\/mansledanse.com\/index.php\/wp-json\/wp\/v2\/users\/1"}],"replies":[{"embeddable":true,"href":"https:\/\/mansledanse.com\/index.php\/wp-json\/wp\/v2\/comments?post=48"}],"version-history":[{"count":308,"href":"https:\/\/mansledanse.com\/index.php\/wp-json\/wp\/v2\/pages\/48\/revisions"}],"predecessor-version":[{"id":4122,"href":"https:\/\/mansledanse.com\/index.php\/wp-json\/wp\/v2\/pages\/48\/revisions\/4122"}],"wp:attachment":[{"href":"https:\/\/mansledanse.com\/index.php\/wp-json\/wp\/v2\/media?parent=48"}],"curies":[{"name":"wp","href":"https:\/\/api.w.org\/{rel}","templated":true}]}}