{"id":568,"date":"2020-11-01T18:10:31","date_gmt":"2020-11-01T17:10:31","guid":{"rendered":"http:\/\/mansledanse.com\/?page_id=568"},"modified":"2026-04-12T18:09:04","modified_gmt":"2026-04-12T16:09:04","slug":"dylan-pearce","status":"publish","type":"page","link":"https:\/\/mansledanse.com\/index.php\/dylan-pearce\/","title":{"rendered":"Dylan Pearce"},"content":{"rendered":"\t\t<div data-elementor-type=\"wp-page\" data-elementor-id=\"568\" class=\"elementor elementor-568\" data-elementor-settings=\"[]\">\n\t\t\t\t\t\t<div class=\"elementor-inner\">\n\t\t\t\t\t\t\t<div class=\"elementor-section-wrap\">\n\t\t\t\t\t\t\t<section class=\"elementor-section elementor-top-section elementor-element elementor-element-48606b5c elementor-section-content-middle elementor-section-boxed elementor-section-height-default elementor-section-height-default\" data-id=\"48606b5c\" data-element_type=\"section\">\n\t\t\t\t\t\t<div class=\"elementor-container elementor-column-gap-default\">\n\t\t\t\t\t\t\t<div class=\"elementor-row\">\n\t\t\t\t\t<div class=\"elementor-column elementor-col-50 elementor-top-column elementor-element elementor-element-7340bdf7 animated-slow elementor-invisible\" data-id=\"7340bdf7\" data-element_type=\"column\" data-settings=\"{&quot;animation&quot;:&quot;fadeIn&quot;}\">\n\t\t\t<div class=\"elementor-column-wrap elementor-element-populated\">\n\t\t\t\t\t\t\t<div class=\"elementor-widget-wrap\">\n\t\t\t\t\t\t<div class=\"elementor-element elementor-element-75a5d3ed elementor-widget elementor-widget-heading\" data-id=\"75a5d3ed\" data-element_type=\"widget\" data-widget_type=\"heading.default\">\n\t\t\t\t<div class=\"elementor-widget-container\">\n\t\t\t<h2 class=\"elementor-heading-title elementor-size-large\">Dylan Pearce<\/h2>\t\t<\/div>\n\t\t\t\t<\/div>\n\t\t\t\t<div class=\"elementor-element elementor-element-56b878e4 elementor-widget elementor-widget-heading\" data-id=\"56b878e4\" data-element_type=\"widget\" data-widget_type=\"heading.default\">\n\t\t\t\t<div class=\"elementor-widget-container\">\n\t\t\t<h2 class=\"elementor-heading-title elementor-size-default\">Jazz et Talons<\/h2>\t\t<\/div>\n\t\t\t\t<\/div>\n\t\t\t\t<div class=\"elementor-element elementor-element-2c44e6bf elementor-widget-divider--view-line elementor-widget elementor-widget-divider\" data-id=\"2c44e6bf\" data-element_type=\"widget\" data-widget_type=\"divider.default\">\n\t\t\t\t<div class=\"elementor-widget-container\">\n\t\t\t\t\t<div class=\"elementor-divider\">\n\t\t\t<span class=\"elementor-divider-separator\">\n\t\t\t\t\t\t<\/span>\n\t\t<\/div>\n\t\t\t\t<\/div>\n\t\t\t\t<\/div>\n\t\t\t\t<div class=\"elementor-element elementor-element-66aeb606 elementor-widget elementor-widget-text-editor\" data-id=\"66aeb606\" data-element_type=\"widget\" data-widget_type=\"text-editor.default\">\n\t\t\t\t<div class=\"elementor-widget-container\">\n\t\t\t\t\t\t\t\t<div class=\"elementor-text-editor elementor-clearfix\">\n\t\t\t\t\t<p>Dylan est danseur, chor\u00e9graphe et metteur en sc\u00e8ne pour les Radio City Rockettes, pour la t\u00e9l\u00e9vision am\u00e9ricaine et des artistes comme ABBA, Dua Lipa, Pit Bull et des vid\u00e9os clips de Amy Lynn et les Honey Men. Danseur et metteur en sc\u00e8ne pour des productions t\u00e9l\u00e9vis\u00e9es ainsi qu&rsquo;\u00e0 Broadway. Il est le fondateur de Deviate Dance and Process un concours pour aider les jeunes danseurs\u00e0 se d\u00e9velopper en tant qu&rsquo;artistes. Enseignants dans les plus grands centres de danse des Etats Unis pour des cours amateurs et professionnels.<\/p>\t\t\t\t\t<\/div>\n\t\t\t\t\t\t<\/div>\n\t\t\t\t<\/div>\n\t\t\t\t\t\t<\/div>\n\t\t\t\t\t<\/div>\n\t\t<\/div>\n\t\t\t\t<div class=\"elementor-column elementor-col-50 elementor-top-column elementor-element elementor-element-4576534e elementor-sm-100\" data-id=\"4576534e\" data-element_type=\"column\">\n\t\t\t<div class=\"elementor-column-wrap elementor-element-populated\">\n\t\t\t\t\t\t\t<div class=\"elementor-widget-wrap\">\n\t\t\t\t\t\t<div class=\"elementor-element elementor-element-430db439 gallery-spacing-custom elementor-hidden-phone elementor-invisible elementor-widget elementor-widget-image-gallery\" data-id=\"430db439\" data-element_type=\"widget\" data-settings=\"{&quot;_animation&quot;:&quot;fadeInRight&quot;}\" data-widget_type=\"image-gallery.default\">\n\t\t\t\t<div class=\"elementor-widget-container\">\n\t\t\t\t\t<div class=\"elementor-image-gallery\">\n\t\t\t<div id='gallery-1' class='gallery galleryid-568 gallery-columns-1 gallery-size-medium_large'><figure class='gallery-item'>\n\t\t\t<div class='gallery-icon portrait'>\n\t\t\t\t<img loading=\"lazy\" decoding=\"async\" width=\"768\" height=\"1056\" src=\"https:\/\/mansledanse.com\/wp-content\/uploads\/2025\/03\/Screenshot_20250325-223738_Google-768x1056.jpg\" class=\"attachment-medium_large size-medium_large\" alt=\"\" srcset=\"https:\/\/mansledanse.com\/wp-content\/uploads\/2025\/03\/Screenshot_20250325-223738_Google-768x1056.jpg 768w, https:\/\/mansledanse.com\/wp-content\/uploads\/2025\/03\/Screenshot_20250325-223738_Google-218x300.jpg 218w, https:\/\/mansledanse.com\/wp-content\/uploads\/2025\/03\/Screenshot_20250325-223738_Google-745x1024.jpg 745w, https:\/\/mansledanse.com\/wp-content\/uploads\/2025\/03\/Screenshot_20250325-223738_Google.jpg 889w\" sizes=\"auto, (max-width: 768px) 100vw, 768px\" \/>\n\t\t\t<\/div><\/figure>\n\t\t<\/div>\n\t\t<\/div>\n\t\t\t\t<\/div>\n\t\t\t\t<\/div>\n\t\t\t\t<div class=\"elementor-element elementor-element-5fdf7fdc elementor-align-left elementor-mobile-align-center elementor-widget elementor-widget-button\" data-id=\"5fdf7fdc\" data-element_type=\"widget\" data-widget_type=\"button.default\">\n\t\t\t\t<div class=\"elementor-widget-container\">\n\t\t\t\t\t<div class=\"elementor-button-wrapper\">\n\t\t\t<a href=\"http:\/\/mansledanse.com\/index.php\/professeurs\/\" class=\"elementor-button-link elementor-button elementor-size-xs elementor-animation-pop\" role=\"button\">\n\t\t\t\t\t\t<span class=\"elementor-button-content-wrapper\">\n\t\t\t\t\t\t<span class=\"elementor-button-icon elementor-align-icon-right\">\n\t\t\t\t<i aria-hidden=\"true\" class=\"fas fa-long-arrow-alt-right\"><\/i>\t\t\t<\/span>\n\t\t\t\t\t\t<span class=\"elementor-button-text\">Autres professeurs<\/span>\n\t\t<\/span>\n\t\t\t\t\t<\/a>\n\t\t<\/div>\n\t\t\t\t<\/div>\n\t\t\t\t<\/div>\n\t\t\t\t\t\t<\/div>\n\t\t\t\t\t<\/div>\n\t\t<\/div>\n\t\t\t\t\t\t\t\t<\/div>\n\t\t\t\t\t<\/div>\n\t\t<\/section>\n\t\t\t\t<section class=\"elementor-section elementor-top-section elementor-element elementor-element-5af1ed93 elementor-section-boxed elementor-section-height-default elementor-section-height-default\" data-id=\"5af1ed93\" data-element_type=\"section\">\n\t\t\t\t\t\t<div class=\"elementor-container elementor-column-gap-default\">\n\t\t\t\t\t\t\t<div class=\"elementor-row\">\n\t\t\t\t\t<div class=\"elementor-column elementor-col-33 elementor-top-column elementor-element elementor-element-45418fc4\" data-id=\"45418fc4\" data-element_type=\"column\">\n\t\t\t<div class=\"elementor-column-wrap elementor-element-populated\">\n\t\t\t\t\t\t\t<div class=\"elementor-widget-wrap\">\n\t\t\t\t\t\t<div class=\"elementor-element elementor-element-246e1600 elementor-aspect-ratio-169 elementor-widget elementor-widget-video\" data-id=\"246e1600\" data-element_type=\"widget\" data-settings=\"{&quot;youtube_url&quot;:&quot;https:\\\/\\\/www.youtube.com\\\/watch?v=eLG_t4tZc3Y&quot;,&quot;video_type&quot;:&quot;youtube&quot;,&quot;controls&quot;:&quot;yes&quot;,&quot;aspect_ratio&quot;:&quot;169&quot;}\" data-widget_type=\"video.default\">\n\t\t\t\t<div class=\"elementor-widget-container\">\n\t\t\t\t\t<div class=\"elementor-wrapper elementor-fit-aspect-ratio elementor-open-inline\">\n\t\t\t<div class=\"elementor-video\"><\/div>\t\t<\/div>\n\t\t\t\t<\/div>\n\t\t\t\t<\/div>\n\t\t\t\t\t\t<\/div>\n\t\t\t\t\t<\/div>\n\t\t<\/div>\n\t\t\t\t<div class=\"elementor-column elementor-col-33 elementor-top-column elementor-element elementor-element-4d56652a\" data-id=\"4d56652a\" data-element_type=\"column\">\n\t\t\t<div class=\"elementor-column-wrap elementor-element-populated\">\n\t\t\t\t\t\t\t<div class=\"elementor-widget-wrap\">\n\t\t\t\t\t\t<div class=\"elementor-element elementor-element-3b9559d7 elementor-aspect-ratio-169 elementor-widget elementor-widget-video\" data-id=\"3b9559d7\" data-element_type=\"widget\" data-settings=\"{&quot;youtube_url&quot;:&quot;https:\\\/\\\/www.youtube.com\\\/watch?v=B5sRzus_GTc&quot;,&quot;video_type&quot;:&quot;youtube&quot;,&quot;controls&quot;:&quot;yes&quot;,&quot;aspect_ratio&quot;:&quot;169&quot;}\" data-widget_type=\"video.default\">\n\t\t\t\t<div class=\"elementor-widget-container\">\n\t\t\t\t\t<div class=\"elementor-wrapper elementor-fit-aspect-ratio elementor-open-inline\">\n\t\t\t<div class=\"elementor-video\"><\/div>\t\t<\/div>\n\t\t\t\t<\/div>\n\t\t\t\t<\/div>\n\t\t\t\t\t\t<\/div>\n\t\t\t\t\t<\/div>\n\t\t<\/div>\n\t\t\t\t<div class=\"elementor-column elementor-col-33 elementor-top-column elementor-element elementor-element-6b924d24\" data-id=\"6b924d24\" data-element_type=\"column\">\n\t\t\t<div class=\"elementor-column-wrap elementor-element-populated\">\n\t\t\t\t\t\t\t<div class=\"elementor-widget-wrap\">\n\t\t\t\t\t\t\t\t<\/div>\n\t\t\t\t\t<\/div>\n\t\t<\/div>\n\t\t\t\t\t\t\t\t<\/div>\n\t\t\t\t\t<\/div>\n\t\t<\/section>\n\t\t\t\t\t\t<\/div>\n\t\t\t\t\t\t<\/div>\n\t\t\t\t\t<\/div>\n\t\t","protected":false},"excerpt":{"rendered":"<p>Dylan Pearce Jazz et Talons Dylan est danseur, chor\u00e9graphe et metteur en sc\u00e8ne pour les Radio City Rockettes, pour la t\u00e9l\u00e9vision am\u00e9ricaine et des artistes comme ABBA, Dua Lipa, Pit Bull et des vid\u00e9os clips de Amy Lynn et les Honey Men. Danseur et metteur en sc\u00e8ne pour des productions t\u00e9l\u00e9vis\u00e9es ainsi qu&rsquo;\u00e0 Broadway. Il [&hellip;]<\/p>\n","protected":false},"author":1,"featured_media":0,"parent":0,"menu_order":0,"comment_status":"closed","ping_status":"closed","template":"","meta":{"footnotes":""},"class_list":["post-568","page","type-page","status-publish","hentry","entry"],"yoast_head":"<!-- This site is optimized with the Yoast SEO plugin v24.9 - https:\/\/yoast.com\/wordpress\/plugins\/seo\/ -->\n<title>Dylan Pearce - Mansle Danse Association - Stage &amp; Cours de danse<\/title>\n<meta name=\"robots\" content=\"index, follow, max-snippet:-1, max-image-preview:large, max-video-preview:-1\" \/>\n<link rel=\"canonical\" href=\"https:\/\/mansledanse.com\/index.php\/dylan-pearce\/\" \/>\n<meta property=\"og:locale\" content=\"fr_FR\" \/>\n<meta property=\"og:type\" content=\"article\" \/>\n<meta property=\"og:title\" content=\"Dylan Pearce - Mansle Danse Association - Stage &amp; Cours de danse\" \/>\n<meta property=\"og:description\" content=\"Dylan Pearce Jazz et Talons Dylan est danseur, chor\u00e9graphe et metteur en sc\u00e8ne pour les Radio City Rockettes, pour la t\u00e9l\u00e9vision am\u00e9ricaine et des artistes comme ABBA, Dua Lipa, Pit Bull et des vid\u00e9os clips de Amy Lynn et les Honey Men. Danseur et metteur en sc\u00e8ne pour des productions t\u00e9l\u00e9vis\u00e9es ainsi qu&rsquo;\u00e0 Broadway. Il [&hellip;]\" \/>\n<meta property=\"og:url\" content=\"https:\/\/mansledanse.com\/index.php\/dylan-pearce\/\" \/>\n<meta property=\"og:site_name\" content=\"Mansle Danse Association - Stage &amp; Cours de danse\" \/>\n<meta property=\"article:publisher\" content=\"https:\/\/www.facebook.com\/MansleDanseAssociation?locale=fr_FR\" \/>\n<meta property=\"article:modified_time\" content=\"2026-04-12T16:09:04+00:00\" \/>\n<meta property=\"og:image\" content=\"https:\/\/mansledanse.com\/wp-content\/uploads\/2025\/03\/Screenshot_20250325-223738_Google-768x1056.jpg\" \/>\n<meta name=\"twitter:card\" content=\"summary_large_image\" \/>\n<meta name=\"twitter:label1\" content=\"Dur\u00e9e de lecture estim\u00e9e\" \/>\n\t<meta name=\"twitter:data1\" content=\"2 minutes\" \/>\n<script type=\"application\/ld+json\" class=\"yoast-schema-graph\">{\"@context\":\"https:\/\/schema.org\",\"@graph\":[{\"@type\":\"WebPage\",\"@id\":\"https:\/\/mansledanse.com\/index.php\/dylan-pearce\/\",\"url\":\"https:\/\/mansledanse.com\/index.php\/dylan-pearce\/\",\"name\":\"Dylan Pearce - Mansle Danse Association - Stage &amp; Cours de danse\",\"isPartOf\":{\"@id\":\"https:\/\/mansledanse.com\/#website\"},\"primaryImageOfPage\":{\"@id\":\"https:\/\/mansledanse.com\/index.php\/dylan-pearce\/#primaryimage\"},\"image\":{\"@id\":\"https:\/\/mansledanse.com\/index.php\/dylan-pearce\/#primaryimage\"},\"thumbnailUrl\":\"https:\/\/mansledanse.com\/wp-content\/uploads\/2025\/03\/Screenshot_20250325-223738_Google-768x1056.jpg\",\"datePublished\":\"2020-11-01T17:10:31+00:00\",\"dateModified\":\"2026-04-12T16:09:04+00:00\",\"breadcrumb\":{\"@id\":\"https:\/\/mansledanse.com\/index.php\/dylan-pearce\/#breadcrumb\"},\"inLanguage\":\"fr-FR\",\"potentialAction\":[{\"@type\":\"ReadAction\",\"target\":[\"https:\/\/mansledanse.com\/index.php\/dylan-pearce\/\"]}]},{\"@type\":\"ImageObject\",\"inLanguage\":\"fr-FR\",\"@id\":\"https:\/\/mansledanse.com\/index.php\/dylan-pearce\/#primaryimage\",\"url\":\"https:\/\/mansledanse.com\/wp-content\/uploads\/2025\/03\/Screenshot_20250325-223738_Google.jpg\",\"contentUrl\":\"https:\/\/mansledanse.com\/wp-content\/uploads\/2025\/03\/Screenshot_20250325-223738_Google.jpg\",\"width\":889,\"height\":1222},{\"@type\":\"BreadcrumbList\",\"@id\":\"https:\/\/mansledanse.com\/index.php\/dylan-pearce\/#breadcrumb\",\"itemListElement\":[{\"@type\":\"ListItem\",\"position\":1,\"name\":\"Accueil\",\"item\":\"https:\/\/mansledanse.com\/\"},{\"@type\":\"ListItem\",\"position\":2,\"name\":\"Dylan Pearce\"}]},{\"@type\":\"WebSite\",\"@id\":\"https:\/\/mansledanse.com\/#website\",\"url\":\"https:\/\/mansledanse.com\/\",\"name\":\"Mansle Danse Association - Stage & Cours de danse\",\"description\":\"\",\"publisher\":{\"@id\":\"https:\/\/mansledanse.com\/#organization\"},\"potentialAction\":[{\"@type\":\"SearchAction\",\"target\":{\"@type\":\"EntryPoint\",\"urlTemplate\":\"https:\/\/mansledanse.com\/?s={search_term_string}\"},\"query-input\":{\"@type\":\"PropertyValueSpecification\",\"valueRequired\":true,\"valueName\":\"search_term_string\"}}],\"inLanguage\":\"fr-FR\"},{\"@type\":\"Organization\",\"@id\":\"https:\/\/mansledanse.com\/#organization\",\"name\":\"Mansle Danse Association - Stage & Cours\",\"url\":\"https:\/\/mansledanse.com\/\",\"logo\":{\"@type\":\"ImageObject\",\"inLanguage\":\"fr-FR\",\"@id\":\"https:\/\/mansledanse.com\/#\/schema\/logo\/image\/\",\"url\":\"https:\/\/mansledanse.com\/wp-content\/uploads\/2020\/08\/cropped-MDAlogo.png\",\"contentUrl\":\"https:\/\/mansledanse.com\/wp-content\/uploads\/2020\/08\/cropped-MDAlogo.png\",\"width\":367,\"height\":100,\"caption\":\"Mansle Danse Association - Stage & Cours\"},\"image\":{\"@id\":\"https:\/\/mansledanse.com\/#\/schema\/logo\/image\/\"},\"sameAs\":[\"https:\/\/www.facebook.com\/MansleDanseAssociation?locale=fr_FR\",\"https:\/\/www.instagram.com\/stagededansedemansle\/\"]}]}<\/script>\n<!-- \/ Yoast SEO plugin. -->","yoast_head_json":{"title":"Dylan Pearce - Mansle Danse Association - Stage &amp; Cours de danse","robots":{"index":"index","follow":"follow","max-snippet":"max-snippet:-1","max-image-preview":"max-image-preview:large","max-video-preview":"max-video-preview:-1"},"canonical":"https:\/\/mansledanse.com\/index.php\/dylan-pearce\/","og_locale":"fr_FR","og_type":"article","og_title":"Dylan Pearce - Mansle Danse Association - Stage &amp; Cours de danse","og_description":"Dylan Pearce Jazz et Talons Dylan est danseur, chor\u00e9graphe et metteur en sc\u00e8ne pour les Radio City Rockettes, pour la t\u00e9l\u00e9vision am\u00e9ricaine et des artistes comme ABBA, Dua Lipa, Pit Bull et des vid\u00e9os clips de Amy Lynn et les Honey Men. Danseur et metteur en sc\u00e8ne pour des productions t\u00e9l\u00e9vis\u00e9es ainsi qu&rsquo;\u00e0 Broadway. Il [&hellip;]","og_url":"https:\/\/mansledanse.com\/index.php\/dylan-pearce\/","og_site_name":"Mansle Danse Association - Stage &amp; Cours de danse","article_publisher":"https:\/\/www.facebook.com\/MansleDanseAssociation?locale=fr_FR","article_modified_time":"2026-04-12T16:09:04+00:00","og_image":[{"url":"https:\/\/mansledanse.com\/wp-content\/uploads\/2025\/03\/Screenshot_20250325-223738_Google-768x1056.jpg","type":"","width":"","height":""}],"twitter_card":"summary_large_image","twitter_misc":{"Dur\u00e9e de lecture estim\u00e9e":"2 minutes"},"schema":{"@context":"https:\/\/schema.org","@graph":[{"@type":"WebPage","@id":"https:\/\/mansledanse.com\/index.php\/dylan-pearce\/","url":"https:\/\/mansledanse.com\/index.php\/dylan-pearce\/","name":"Dylan Pearce - Mansle Danse Association - Stage &amp; Cours de danse","isPartOf":{"@id":"https:\/\/mansledanse.com\/#website"},"primaryImageOfPage":{"@id":"https:\/\/mansledanse.com\/index.php\/dylan-pearce\/#primaryimage"},"image":{"@id":"https:\/\/mansledanse.com\/index.php\/dylan-pearce\/#primaryimage"},"thumbnailUrl":"https:\/\/mansledanse.com\/wp-content\/uploads\/2025\/03\/Screenshot_20250325-223738_Google-768x1056.jpg","datePublished":"2020-11-01T17:10:31+00:00","dateModified":"2026-04-12T16:09:04+00:00","breadcrumb":{"@id":"https:\/\/mansledanse.com\/index.php\/dylan-pearce\/#breadcrumb"},"inLanguage":"fr-FR","potentialAction":[{"@type":"ReadAction","target":["https:\/\/mansledanse.com\/index.php\/dylan-pearce\/"]}]},{"@type":"ImageObject","inLanguage":"fr-FR","@id":"https:\/\/mansledanse.com\/index.php\/dylan-pearce\/#primaryimage","url":"https:\/\/mansledanse.com\/wp-content\/uploads\/2025\/03\/Screenshot_20250325-223738_Google.jpg","contentUrl":"https:\/\/mansledanse.com\/wp-content\/uploads\/2025\/03\/Screenshot_20250325-223738_Google.jpg","width":889,"height":1222},{"@type":"BreadcrumbList","@id":"https:\/\/mansledanse.com\/index.php\/dylan-pearce\/#breadcrumb","itemListElement":[{"@type":"ListItem","position":1,"name":"Accueil","item":"https:\/\/mansledanse.com\/"},{"@type":"ListItem","position":2,"name":"Dylan Pearce"}]},{"@type":"WebSite","@id":"https:\/\/mansledanse.com\/#website","url":"https:\/\/mansledanse.com\/","name":"Mansle Danse Association - Stage & Cours de danse","description":"","publisher":{"@id":"https:\/\/mansledanse.com\/#organization"},"potentialAction":[{"@type":"SearchAction","target":{"@type":"EntryPoint","urlTemplate":"https:\/\/mansledanse.com\/?s={search_term_string}"},"query-input":{"@type":"PropertyValueSpecification","valueRequired":true,"valueName":"search_term_string"}}],"inLanguage":"fr-FR"},{"@type":"Organization","@id":"https:\/\/mansledanse.com\/#organization","name":"Mansle Danse Association - Stage & Cours","url":"https:\/\/mansledanse.com\/","logo":{"@type":"ImageObject","inLanguage":"fr-FR","@id":"https:\/\/mansledanse.com\/#\/schema\/logo\/image\/","url":"https:\/\/mansledanse.com\/wp-content\/uploads\/2020\/08\/cropped-MDAlogo.png","contentUrl":"https:\/\/mansledanse.com\/wp-content\/uploads\/2020\/08\/cropped-MDAlogo.png","width":367,"height":100,"caption":"Mansle Danse Association - Stage & Cours"},"image":{"@id":"https:\/\/mansledanse.com\/#\/schema\/logo\/image\/"},"sameAs":["https:\/\/www.facebook.com\/MansleDanseAssociation?locale=fr_FR","https:\/\/www.instagram.com\/stagededansedemansle\/"]}]}},"_links":{"self":[{"href":"https:\/\/mansledanse.com\/index.php\/wp-json\/wp\/v2\/pages\/568","targetHints":{"allow":["GET"]}}],"collection":[{"href":"https:\/\/mansledanse.com\/index.php\/wp-json\/wp\/v2\/pages"}],"about":[{"href":"https:\/\/mansledanse.com\/index.php\/wp-json\/wp\/v2\/types\/page"}],"author":[{"embeddable":true,"href":"https:\/\/mansledanse.com\/index.php\/wp-json\/wp\/v2\/users\/1"}],"replies":[{"embeddable":true,"href":"https:\/\/mansledanse.com\/index.php\/wp-json\/wp\/v2\/comments?post=568"}],"version-history":[{"count":71,"href":"https:\/\/mansledanse.com\/index.php\/wp-json\/wp\/v2\/pages\/568\/revisions"}],"predecessor-version":[{"id":3426,"href":"https:\/\/mansledanse.com\/index.php\/wp-json\/wp\/v2\/pages\/568\/revisions\/3426"}],"wp:attachment":[{"href":"https:\/\/mansledanse.com\/index.php\/wp-json\/wp\/v2\/media?parent=568"}],"curies":[{"name":"wp","href":"https:\/\/api.w.org\/{rel}","templated":true}]}}